{"id":1308,"date":"2024-04-26T10:41:44","date_gmt":"2024-04-26T07:41:44","guid":{"rendered":"https:\/\/talendikeskus.ee\/?page_id=1308"},"modified":"2024-04-26T10:41:44","modified_gmt":"2024-04-26T07:41:44","slug":"koolitused","status":"publish","type":"page","link":"https:\/\/talendikeskus.ee\/index.php\/koolitused\/","title":{"rendered":"Koolitused"},"content":{"rendered":"<h3><strong>Kogemusseminar \u201cKutseandekuse toetamine \u2013 mitte \u00fcksnes kutsekoolis\u201d<\/strong><\/h3>\n<p>MT\u00dc Eesti Talendikeskus korraldab\u00a0<strong>2. mail Olustvere Teenindus- ja Maamajanduskoolis<\/strong>\u00a0(M\u00fc\u00fcri 4) kogemusseminari, kus v\u00f5etakse vaatluse alla eesk\u00e4tt kutseandekuse toetamisega seotud k\u00fcsimused. Soovime seda teemat avada v\u00f5imalikult paljude praktikas kogetud n\u00e4idete varal. Kutseandekus (erianded) ei ilmne ju pelgalt kutsekoolides ning vajavad toetamist ka \u00fcld- ja huvihariduskoolides ning noorsoot\u00f6\u00f6keskustes \u2013 k\u00f5igi nende asutuste esindajad on oodatud seminarist osa v\u00f5tma.<\/p>\n<p>Seminari eesm\u00e4rk on p\u00fc\u00fcda leida lahendusi, kuidas spetsiifiliste eriannetega \u00f5ppijate arengut k\u00f5ige paremini toetada. Eeldatavasti l\u00e4hevad need juhtumid suuresti selliste kategooriate alla, kus peaksime rohkem vaatama nii V\u00d5TA kui ka eri haridusliikide l\u00f5imingu poole.<\/p>\n<p>Seminarist osalemiseks palume registreeruda hiljemalt\u00a0<strong>29. aprilliks lingil<\/strong>\u00a0<a href=\"https:\/\/forms.gle\/gRAj4LZ4DuiAfLSw5\" data-saferedirecturl=\"https:\/\/www.google.com\/url?q=https:\/\/forms.gle\/gRAj4LZ4DuiAfLSw5&amp;source=gmail&amp;ust=1714052261582000&amp;usg=AOvVaw3tBZvPf-EKHdI3v3Hkx2mV\">https:\/\/forms.gle\/gRAj4LZ4DuiAfLSw5<\/a>.<\/p>\n<p>Seminar on tasuta, toetab HTM andekuse m\u00e4rkamise ja toetamise tegevuskava raames.<\/p>\n<p>Orienteeruv ajakava (esinejate nimekiri t\u00e4psustub)<br \/>\n10.00 \u2013 10.30 saabumine ja tervituskohv<br \/>\n10.30 \u2013 12 kogemusettekanded:\u00a0 Arnold Pastak (Olustvere TMMK), Tiiu Parm (HARNO), Anne Kersna (Kehtna KHK), Ede Tamkivi (Kood\/J\u00f5hvi), Tartu Kunstikool jt<br \/>\n12.00.- 12. 30 kohvipaus<br \/>\n12.30 -14.00 r\u00fchmat\u00f6\u00f6 \u201cKutseandekus ja selle realiseerimise v\u00f5imaluste edendamine\u201d<br \/>\n14.00 \u2013 14.30 kokkuv\u00f5tted r\u00fchmat\u00f6\u00f6st ja seminarist<\/p>\n<p>Seminari ajakava on planeeritud arvestades Tallinn-Olustvere rongiaegadega.<\/p>\n<p>Loe lisaks:\u00a0<a href=\"https:\/\/opleht.ee\/2024\/04\/andekuse-toetamiseks-kutsehariduses\/\" data-saferedirecturl=\"https:\/\/www.google.com\/url?q=https:\/\/opleht.ee\/2024\/04\/andekuse-toetamiseks-kutsehariduses\/&amp;source=gmail&amp;ust=1714052261582000&amp;usg=AOvVaw0MnEMQDlNNrshY7jXSPN4l\">https:\/\/opleht.ee\/2024\/04\/andekuse-toetamiseks-kutsehariduses\/<\/a><\/p>\n","protected":false},"excerpt":{"rendered":"<p>Kogemusseminar \u201cKutseandekuse toetamine \u2013 mitte \u00fcksnes kutsekoolis\u201d MT\u00dc Eesti Talendikeskus korraldab\u00a02. mail Olustvere Teenindus- ja Maamajanduskoolis\u00a0(M\u00fc\u00fcri 4) kogemusseminari, kus v\u00f5etakse vaatluse alla eesk\u00e4tt kutseandekuse toetamisega seotud k\u00fcsimused. Soovime seda teemat avada v\u00f5imalikult paljude praktikas kogetud n\u00e4idete varal. Kutseandekus (erianded) ei ilmne ju pelgalt kutsekoolides ning vajavad toetamist ka \u00fcld- ja huvihariduskoolides ning noorsoot\u00f6\u00f6keskustes \u2013 k\u00f5igi &hellip; <\/p>\n<p class=\"link-more\"><a href=\"https:\/\/talendikeskus.ee\/index.php\/koolitused\/\" class=\"more-link\">Continue reading<span class=\"screen-reader-text\"> &#8220;Koolitused&#8221;<\/span><\/a><\/p>\n","protected":false},"author":1,"featured_media":0,"parent":0,"menu_order":0,"comment_status":"closed","ping_status":"closed","template":"","meta":{"footnotes":""},"class_list":["post-1308","page","type-page","status-publish","hentry"],"_links":{"self":[{"href":"https:\/\/talendikeskus.ee\/index.php\/wp-json\/wp\/v2\/pages\/1308","targetHints":{"allow":["GET"]}}],"collection":[{"href":"https:\/\/talendikeskus.ee\/index.php\/wp-json\/wp\/v2\/pages"}],"about":[{"href":"https:\/\/talendikeskus.ee\/index.php\/wp-json\/wp\/v2\/types\/page"}],"author":[{"embeddable":true,"href":"https:\/\/talendikeskus.ee\/index.php\/wp-json\/wp\/v2\/users\/1"}],"replies":[{"embeddable":true,"href":"https:\/\/talendikeskus.ee\/index.php\/wp-json\/wp\/v2\/comments?post=1308"}],"version-history":[{"count":1,"href":"https:\/\/talendikeskus.ee\/index.php\/wp-json\/wp\/v2\/pages\/1308\/revisions"}],"predecessor-version":[{"id":1309,"href":"https:\/\/talendikeskus.ee\/index.php\/wp-json\/wp\/v2\/pages\/1308\/revisions\/1309"}],"wp:attachment":[{"href":"https:\/\/talendikeskus.ee\/index.php\/wp-json\/wp\/v2\/media?parent=1308"}],"curies":[{"name":"wp","href":"https:\/\/api.w.org\/{rel}","templated":true}]}}