{"id":1311,"date":"2024-04-26T10:45:41","date_gmt":"2024-04-26T07:45:41","guid":{"rendered":"https:\/\/talendikeskus.ee\/?page_id=1311"},"modified":"2024-05-09T15:25:48","modified_gmt":"2024-05-09T12:25:48","slug":"kogemuskoolitus-29-02-2024-tartus","status":"publish","type":"page","link":"https:\/\/talendikeskus.ee\/index.php\/kogemuskoolitus-29-02-2024-tartus\/","title":{"rendered":"Kogemuskoolitus 29.02.2024 Tartus"},"content":{"rendered":"<h3 style=\"font-weight: 400;\"><strong>Kogemuskoolitus: Kiirendamine andekat \u00f5ppijat toetava meetmena<\/strong><\/h3>\n<p style=\"font-weight: 400;\">29. veebruaril 2024 kell 11-15\u00a0 toimub Tartu \u00dclikooli peahoones (\u00dclikooli 18-140) kogemuskoolitus \u201c<strong>Kiirendamine andeka \u00f5ppija arengut toetava meetodina\u201d.<\/strong><\/p>\n<p style=\"font-weight: 400;\">Koolitusel jagavad oma kogemusi kiirendamise rakendamisest (klassi vahele j\u00e4tmine, kaks klassi \u00fche aastaga) Tartu Miina H\u00e4rma G\u00fcmnaasiumi \u00f5ppejuht<\/p>\n<p style=\"font-weight: 400;\"><strong>Terje Hallik<\/strong>\u00a0ja matemaatika\u00f5petaja\u00a0<strong>Tiiu Sasi<\/strong>\u00a0ning Elva G\u00fcmnaasiumi \u00f5ppen\u00f5ustaja\u00a0<strong>Maiu Nurmoja<\/strong>. Omapoolse vaate annavad ka\u00a0<strong>protsessi l\u00e4bi teinud \u00f5pilaste vanemad.<\/strong>\u00a0Kiirendamise \u00fcldistest printsiipidest teeb sissejuhatuse\u00a0<strong>Viire Sepp<\/strong>.<\/p>\n<p style=\"font-weight: 400;\">Koolitus toimub Tartu \u00dclikooli peahoone auditooriumis 140 (Tartu, \u00dclikooli 18)\u00a0ning osalema on oodatud koolide juhtkondade liikmed, tugispetsialistid, \u00f5petajad jt. Eriti on oodatud osalejad koolidest, kus on kiirendamise rakendamine kaalumisel m\u00f5ne konkreetse \u00f5ppija puhul.<\/p>\n<p style=\"font-weight: 400;\">Kogemuskoolitust korraldab MT\u00dc Eesti Talendikeskus Haridus- ja Teadusministeeriumi tegevuskava \u201cAnnete m\u00e4rkamine ja toetamine\u00a0 2021-2027\u201d raames ja toetusel.<\/p>\n<p><span lang=\"ET\">Kiirendamine (Tartu MHG ja Elva G. kogemus) 29.02.2024 Tartus.<u><\/u><u><\/u><\/span><\/p>\n<blockquote class=\"wp-embedded-content\" data-secret=\"GPEDY5RmkH\"><p><a href=\"https:\/\/opleht.ee\/2024\/02\/opetajal-ulekoormus-opilasel-alakoormus\/\">\u00d5petajal \u00fclekoormus, \u00f5pilasel alakoormus<\/a><\/p><\/blockquote>\n<p><iframe loading=\"lazy\" class=\"wp-embedded-content\" sandbox=\"allow-scripts\" security=\"restricted\" style=\"position: absolute; visibility: hidden;\" title=\"&#8220;\u00d5petajal \u00fclekoormus, \u00f5pilasel alakoormus&#8221; &#8212; &Otilde;petajate Leht\" src=\"https:\/\/opleht.ee\/2024\/02\/opetajal-ulekoormus-opilasel-alakoormus\/embed\/#?secret=tjuIeYalUl#?secret=GPEDY5RmkH\" data-secret=\"GPEDY5RmkH\" width=\"525\" height=\"296\" frameborder=\"0\" marginwidth=\"0\" marginheight=\"0\" scrolling=\"no\"><\/iframe><\/p>\n","protected":false},"excerpt":{"rendered":"<p>Kogemuskoolitus: Kiirendamine andekat \u00f5ppijat toetava meetmena 29. veebruaril 2024 kell 11-15\u00a0 toimub Tartu \u00dclikooli peahoones (\u00dclikooli 18-140) kogemuskoolitus \u201cKiirendamine andeka \u00f5ppija arengut toetava meetodina\u201d. Koolitusel jagavad oma kogemusi kiirendamise rakendamisest (klassi vahele j\u00e4tmine, kaks klassi \u00fche aastaga) Tartu Miina H\u00e4rma G\u00fcmnaasiumi \u00f5ppejuht Terje Hallik\u00a0ja matemaatika\u00f5petaja\u00a0Tiiu Sasi\u00a0ning Elva G\u00fcmnaasiumi \u00f5ppen\u00f5ustaja\u00a0Maiu Nurmoja. Omapoolse vaate annavad ka\u00a0protsessi l\u00e4bi &hellip; <\/p>\n<p class=\"link-more\"><a href=\"https:\/\/talendikeskus.ee\/index.php\/kogemuskoolitus-29-02-2024-tartus\/\" class=\"more-link\">Continue reading<span class=\"screen-reader-text\"> &#8220;Kogemuskoolitus 29.02.2024 Tartus&#8221;<\/span><\/a><\/p>\n","protected":false},"author":1,"featured_media":0,"parent":0,"menu_order":0,"comment_status":"closed","ping_status":"closed","template":"","meta":{"footnotes":""},"class_list":["post-1311","page","type-page","status-publish","hentry"],"_links":{"self":[{"href":"https:\/\/talendikeskus.ee\/index.php\/wp-json\/wp\/v2\/pages\/1311","targetHints":{"allow":["GET"]}}],"collection":[{"href":"https:\/\/talendikeskus.ee\/index.php\/wp-json\/wp\/v2\/pages"}],"about":[{"href":"https:\/\/talendikeskus.ee\/index.php\/wp-json\/wp\/v2\/types\/page"}],"author":[{"embeddable":true,"href":"https:\/\/talendikeskus.ee\/index.php\/wp-json\/wp\/v2\/users\/1"}],"replies":[{"embeddable":true,"href":"https:\/\/talendikeskus.ee\/index.php\/wp-json\/wp\/v2\/comments?post=1311"}],"version-history":[{"count":3,"href":"https:\/\/talendikeskus.ee\/index.php\/wp-json\/wp\/v2\/pages\/1311\/revisions"}],"predecessor-version":[{"id":1350,"href":"https:\/\/talendikeskus.ee\/index.php\/wp-json\/wp\/v2\/pages\/1311\/revisions\/1350"}],"wp:attachment":[{"href":"https:\/\/talendikeskus.ee\/index.php\/wp-json\/wp\/v2\/media?parent=1311"}],"curies":[{"name":"wp","href":"https:\/\/api.w.org\/{rel}","templated":true}]}}