{"id":1316,"date":"2024-04-26T10:47:25","date_gmt":"2024-04-26T07:47:25","guid":{"rendered":"https:\/\/talendikeskus.ee\/?page_id=1316"},"modified":"2024-05-09T15:26:43","modified_gmt":"2024-05-09T12:26:43","slug":"noppeope","status":"publish","type":"page","link":"https:\/\/talendikeskus.ee\/index.php\/noppeope\/","title":{"rendered":"Noppe\u00f5pe 2. ja 3. m\u00e4rts Tartus"},"content":{"rendered":"<h3 style=\"font-weight: 400;\">\u00a0<strong>&#8220;Noppe\u00f5pe\u00a0&#8211; \u00fcks v\u00f5imalus, kuidas koolis andekaid lapsi arendada&#8221;.\u00a0<\/strong><\/h3>\n<ul>\n<li style=\"list-style-type: none;\">\n<ul>\n<li style=\"font-weight: 400;\">Kogemuskoolitusel saab teada, mida t\u00e4hendabnoppe\u00f5pe\u00a0ehk\u00a0<em>pullout<\/em>\u00a0ning kuidas seda koolis rakendada. Juttu tuleb nii\u00a0noppe\u00f5ppe teoreetilistest ja metoodilistest l\u00e4htekohtadest kui praktilistest kogemustest kahes Eesti koolis.<\/li>\n<li style=\"font-weight: 400;\">Arutleme, kuidasnoppe\u00f5pet siduda kooli erip\u00e4ra, vajaduste ja v\u00f5imalustega.<\/li>\n<li style=\"font-weight: 400;\">R\u00e4\u00e4gime v\u00f5imalikest piirangutest ning ohtudest, nopper\u00fchmade moodustamisest ning loomulikult ka noppetundide l\u00e4biviimisest ja sisust.<\/li>\n<li style=\"font-weight: 400;\">Mida teha noppetunnis, et see oleks v\u00f5imeka \u00f5ppija jaoks arendav ja motiveeriv?<\/li>\n<li style=\"font-weight: 400;\">Kuidas kujundada \u00f5ppetegevusi nii, et me ei \u00f5petaks j\u00e4rgmiste klasside materjale ette, vaid hoopis laiendaksime ja s\u00fcvendaksime \u00f5ppekava?<\/li>\n<\/ul>\n<\/li>\n<\/ul>\n<p style=\"font-weight: 400;\">Teoreetilised teadmised rakendame kogemuskoolitusel kohe ka koost\u00f6iselt praktikasse ning iga osaleja saab lisaks teadmistele kaasa v\u00f5tta ka v\u00e4rsked\u00a0noppe\u00fclesanded ja ideed.<\/p>\n<p style=\"font-weight: 400;\"><strong>Toimumiskoht 2.03 ja 3.03:\u00a0 Tartus vaksali kohviku Wedur seminariruumis (Vaksali 6, Tartu).<\/strong><\/p>\n<p style=\"font-weight: 400;\"><strong>P\u00e4evakava 2.03 ja 3.03:<\/strong><\/p>\n<p style=\"font-weight: 400;\">11.00 Kogunemine<br \/>\n11.15-12.45 Loeng.\u00a0Noppe\u00f5ppe teooria ja praktika. Kahe Eesti kooli kogemused.<br \/>\n12.45-13.00 Sirutuspaus<br \/>\n13.00-14.30 Praktiline t\u00f6\u00f6 r\u00fchmades. Noppetunni \u00fclesanded.<br \/>\n14.30-14.45 Kokkuv\u00f5te ja tagasiside<\/p>\n<p style=\"font-weight: 400;\">Koolitust juhib <strong>Karin Konksi<\/strong>\u00a0(Tartu Erakooli S\u00e4deTera klassi\u00f5petaja ja\u00a0noppe\u00f5ppe \u00f5petaja).<\/p>\n<p style=\"font-weight: 400;\">Kogemuskoolitus toimub Haridus- ja Teadusministeeriumi noorte ja andepoliitika osakonna algatusel ja toetusel.<\/p>\n<blockquote class=\"wp-embedded-content\" data-secret=\"2WLsEB2XRq\"><p><a href=\"https:\/\/opleht.ee\/2023\/03\/noppeope-soodustab-andekatele-omase-kaitumise-kujunemist\/\">Noppe\u00f5pe soodustab andekatele omase k\u00e4itumise kujunemist<\/a><\/p><\/blockquote>\n<p><iframe loading=\"lazy\" class=\"wp-embedded-content\" sandbox=\"allow-scripts\" security=\"restricted\" style=\"position: absolute; visibility: hidden;\" title=\"&#8220;Noppe\u00f5pe soodustab andekatele omase k\u00e4itumise kujunemist&#8221; &#8212; &Otilde;petajate Leht\" src=\"https:\/\/opleht.ee\/2023\/03\/noppeope-soodustab-andekatele-omase-kaitumise-kujunemist\/embed\/#?secret=fGvEMxtcI3#?secret=2WLsEB2XRq\" data-secret=\"2WLsEB2XRq\" width=\"525\" height=\"296\" frameborder=\"0\" marginwidth=\"0\" marginheight=\"0\" scrolling=\"no\"><\/iframe><\/p>\n","protected":false},"excerpt":{"rendered":"<p>\u00a0&#8220;Noppe\u00f5pe\u00a0&#8211; \u00fcks v\u00f5imalus, kuidas koolis andekaid lapsi arendada&#8221;.\u00a0 Kogemuskoolitusel saab teada, mida t\u00e4hendabnoppe\u00f5pe\u00a0ehk\u00a0pullout\u00a0ning kuidas seda koolis rakendada. Juttu tuleb nii\u00a0noppe\u00f5ppe teoreetilistest ja metoodilistest l\u00e4htekohtadest kui praktilistest kogemustest kahes Eesti koolis. Arutleme, kuidasnoppe\u00f5pet siduda kooli erip\u00e4ra, vajaduste ja v\u00f5imalustega. R\u00e4\u00e4gime v\u00f5imalikest piirangutest ning ohtudest, nopper\u00fchmade moodustamisest ning loomulikult ka noppetundide l\u00e4biviimisest ja sisust. Mida teha noppetunnis, &hellip; <\/p>\n<p class=\"link-more\"><a href=\"https:\/\/talendikeskus.ee\/index.php\/noppeope\/\" class=\"more-link\">Continue reading<span class=\"screen-reader-text\"> &#8220;Noppe\u00f5pe 2. ja 3. m\u00e4rts Tartus&#8221;<\/span><\/a><\/p>\n","protected":false},"author":1,"featured_media":0,"parent":0,"menu_order":0,"comment_status":"closed","ping_status":"closed","template":"","meta":{"footnotes":""},"class_list":["post-1316","page","type-page","status-publish","hentry"],"_links":{"self":[{"href":"https:\/\/talendikeskus.ee\/index.php\/wp-json\/wp\/v2\/pages\/1316","targetHints":{"allow":["GET"]}}],"collection":[{"href":"https:\/\/talendikeskus.ee\/index.php\/wp-json\/wp\/v2\/pages"}],"about":[{"href":"https:\/\/talendikeskus.ee\/index.php\/wp-json\/wp\/v2\/types\/page"}],"author":[{"embeddable":true,"href":"https:\/\/talendikeskus.ee\/index.php\/wp-json\/wp\/v2\/users\/1"}],"replies":[{"embeddable":true,"href":"https:\/\/talendikeskus.ee\/index.php\/wp-json\/wp\/v2\/comments?post=1316"}],"version-history":[{"count":8,"href":"https:\/\/talendikeskus.ee\/index.php\/wp-json\/wp\/v2\/pages\/1316\/revisions"}],"predecessor-version":[{"id":1353,"href":"https:\/\/talendikeskus.ee\/index.php\/wp-json\/wp\/v2\/pages\/1316\/revisions\/1353"}],"wp:attachment":[{"href":"https:\/\/talendikeskus.ee\/index.php\/wp-json\/wp\/v2\/media?parent=1316"}],"curies":[{"name":"wp","href":"https:\/\/api.w.org\/{rel}","templated":true}]}}