{"id":1330,"date":"2024-05-09T15:15:32","date_gmt":"2024-05-09T12:15:32","guid":{"rendered":"https:\/\/talendikeskus.ee\/?page_id=1330"},"modified":"2024-05-09T17:29:01","modified_gmt":"2024-05-09T14:29:01","slug":"kogemuskoolitus-2-05-2024-olustveres","status":"publish","type":"page","link":"https:\/\/talendikeskus.ee\/index.php\/kogemuskoolitus-2-05-2024-olustveres\/","title":{"rendered":"Kogemuskoolitus 2.05.2024 Olustveres"},"content":{"rendered":"<h3><strong>Kogemusseminar kutseandekusest\u00a0<\/strong><\/h3>\n<p><img loading=\"lazy\" decoding=\"async\" class=\"size-medium wp-image-1332 alignright\" src=\"https:\/\/talendikeskus.ee\/wp-content\/uploads\/2024\/05\/Olustvere_02.05.24_Harno-300x225.jpg\" alt=\"\" width=\"300\" height=\"225\" srcset=\"https:\/\/talendikeskus.ee\/wp-content\/uploads\/2024\/05\/Olustvere_02.05.24_Harno-300x225.jpg 300w, https:\/\/talendikeskus.ee\/wp-content\/uploads\/2024\/05\/Olustvere_02.05.24_Harno-1024x768.jpg 1024w, https:\/\/talendikeskus.ee\/wp-content\/uploads\/2024\/05\/Olustvere_02.05.24_Harno-768x576.jpg 768w, https:\/\/talendikeskus.ee\/wp-content\/uploads\/2024\/05\/Olustvere_02.05.24_Harno-1536x1152.jpg 1536w, https:\/\/talendikeskus.ee\/wp-content\/uploads\/2024\/05\/Olustvere_02.05.24_Harno-rotated.jpg 2016w\" sizes=\"auto, (max-width: 300px) 100vw, 300px\" \/><\/p>\n<p><strong>Noppeid ettekannetest:<\/strong><\/p>\n<ul>\n<li>Kutseandekuse definitsiooni on vaja ka andekate kutse\u00f5ppijate v\u00f5rdseks kohtlemiseks akadeemiliselt andekatega;<\/li>\n<li>Ka kutseandekaid tuleks kohelda kui vajadusp\u00f5hist tuge vajavaid, gradatsioonis: \u00fcldine tugi \u2013 t\u00f5hustatud tugi \u2013 eritugi;<\/li>\n<li>Kutsev\u00f5istlused on \u00fcks v\u00f5imalus kutseandekate edendamise toetamiseks: probleemiks on motiveeritud juhendajate ja v\u00f5istelda soovivate \u00f5ppurite leidmine (avaliku esinemise kartus, t\u00e4iendav koormus kui karistus);<\/li>\n<li>Kui rahvusvahelisel tasandil v\u00f5istlusteks valmistumise ettevalmistamine on tasustatud (t\u00f6\u00f6 mahtu arvestades kujunes tegelikuks tunnihinnaks 1.50 eurot), siis madalamal tasemel on tasustamine pea olematu (kooli sisemiste ressursside arvel);<\/li>\n<li>Kutsev\u00f5istlusteks valmistumist toetavad ka ettev\u00f5tted, kuid mitte rahaliselt, vaid asjaliselt (in kind): materjalid, t\u00f6\u00f6riietus, turvavarustus, t\u00f6\u00f6riistad jms.;<\/li>\n<li>Kutseandekate m\u00e4rkamine algab kooli vastuv\u00f5tmisel, vastuv\u00f5tuvestlusele v\u00f5ivad olla kaasatud eripedagoogid, et anda v\u00f5imalus ka topelterilistele;<\/li>\n<li>Kuigi kutseharidus on enamasti teine valik, on ka kutsehariduses motiveeritud edukaid \u00f5ppijaid ja paljudele erialadele on konkurss, mis v\u00f5imaldab valida (eraldi k\u00fcsimus on, mis saab neist, kes konkursil v\u00e4lja langevad \u2013 tuleb loota, et peavad valima muu eriala (m\u00f5nes teises (kutse)koolis);<\/li>\n<li>Kutsekoolis, kus pole \u00f5petajaid ja \u00f5pilased saavad ise \u00f5pikiirust valida (Kood\/J\u00f5hvi), erineb \u00f5ppeaeg kuni 2 korda;<\/li>\n<li>Aladel, kus ettev\u00f5tjail on suur huvi (n\u00e4iteks IT) on ettev\u00f5tjad valmis panustama olulisel m\u00e4\u00e4ral;<\/li>\n<\/ul>\n<p><img loading=\"lazy\" decoding=\"async\" class=\"size-medium wp-image-1333 alignright\" src=\"https:\/\/talendikeskus.ee\/wp-content\/uploads\/2024\/05\/Olustvere_02.05.24_Avaettekanne-225x300.jpg\" alt=\"\" width=\"225\" height=\"300\" srcset=\"https:\/\/talendikeskus.ee\/wp-content\/uploads\/2024\/05\/Olustvere_02.05.24_Avaettekanne-225x300.jpg 225w, https:\/\/talendikeskus.ee\/wp-content\/uploads\/2024\/05\/Olustvere_02.05.24_Avaettekanne-768x1024.jpg 768w, https:\/\/talendikeskus.ee\/wp-content\/uploads\/2024\/05\/Olustvere_02.05.24_Avaettekanne-1152x1536.jpg 1152w, https:\/\/talendikeskus.ee\/wp-content\/uploads\/2024\/05\/Olustvere_02.05.24_Avaettekanne-rotated.jpg 1512w\" sizes=\"auto, (max-width: 225px) 100vw, 225px\" \/><\/p>\n<p><strong>Noppeid grupiaruteludest: <\/strong><\/p>\n<ul>\n<li>\u00d5petajad ootavad juhendamist-juhendmaterjali, alates seadusest, m\u00e4\u00e4rustest ja konkreetsemast juhendmaterjalist;<\/li>\n<li>Samal ajal oleks vaja anda rohkem otsustus\u00f5igust \u00f5petajale, aga teda ka selleks korralikult ette valmistades;<\/li>\n<li>Ettev\u00f5tete roll v\u00f5iks olla suurem, kuigi probleemiks on v\u00e4ike-ettev\u00f5tete (neid on Eestis enamus) v\u00f5imekus (rahaline ja personali-alane);<\/li>\n<li>Peamine kutseandekate edendamisel on erinevate osapoolte (ingl. k. <em>stakholders<\/em>) &#8211; kool, ettev\u00f5te, KOV, riik, lapsevanemad, \u00f5pilased &#8211; koost\u00f6\u00f6l, kus l\u00e4htuda tuleks \u00f5pilasest (\u00f5pilaskesksus)<\/li>\n<li>Oluline koht oma piirkonna kutseandekate edendamise toetamisel sj erinevate osapoolte ja erinevate haridusasutuste koost\u00f6\u00f6 ja l\u00f5imingu koordineerijana peaks olema, ja kohati ka on, kohalikel omavalitsustel;<\/li>\n<li>Ka kutsehariduses tagab edu kolme komponendi koostoime: lisaks andekusele on oluline koht motivatsioonil ja harjutamisel, kuigi andekus avaldub muuhulgas ka uute t\u00f6\u00f6v\u00f5tete omandamise kiiruses ja t\u00e4psuses.<\/li>\n<\/ul>\n<p><img loading=\"lazy\" decoding=\"async\" class=\"alignnone size-medium wp-image-1334\" src=\"https:\/\/talendikeskus.ee\/wp-content\/uploads\/2024\/05\/Olustvere_-02.05.24_Kokkuvote-300x225.jpg\" alt=\"\" width=\"300\" height=\"225\" srcset=\"https:\/\/talendikeskus.ee\/wp-content\/uploads\/2024\/05\/Olustvere_-02.05.24_Kokkuvote-300x225.jpg 300w, https:\/\/talendikeskus.ee\/wp-content\/uploads\/2024\/05\/Olustvere_-02.05.24_Kokkuvote-1024x768.jpg 1024w, https:\/\/talendikeskus.ee\/wp-content\/uploads\/2024\/05\/Olustvere_-02.05.24_Kokkuvote-768x576.jpg 768w, https:\/\/talendikeskus.ee\/wp-content\/uploads\/2024\/05\/Olustvere_-02.05.24_Kokkuvote-rotated.jpg 1280w\" sizes=\"auto, (max-width: 300px) 100vw, 300px\" \/><\/p>\n<p>Kogemuskoolituse kokkuv\u00f5tte koostas<strong>\u00a0Ruve Schank<\/strong><\/p>\n<p>Fotod: Garmen Vallikivi<\/p>\n<p><strong>Materjalid:<\/strong><\/p>\n<p><a href=\"https:\/\/talendikeskus.ee\/wp-content\/uploads\/2024\/05\/Iga-anne-loeb_Viire-Sepp.pdf\"><strong>&#8220;Iga anne loeb&#8221; Viire Sepp<\/strong><\/a><\/p>\n<p><a href=\"https:\/\/talendikeskus.ee\/wp-content\/uploads\/2024\/05\/kood_Johvi-lugu.pdf\"><strong>Kood\/J\u00f5hvi lugu &#8211; Ede Schank Tamkivi<\/strong><\/a><\/p>\n<p><a href=\"https:\/\/talendikeskus.ee\/wp-content\/uploads\/2024\/05\/02.05-Olustvere-esitlus-Tiiu.pdf\"><strong>Kutsemeistriv\u00f5istlused. Tiiu Parm. Harno<\/strong><\/a><\/p>\n<p><a href=\"https:\/\/talendikeskus.ee\/wp-content\/uploads\/2024\/05\/Andekuse-toetamine-Tartu-Kunstikoolis.pdf\"><strong>Andekuse toetamine Tartu Kunstikoolis<\/strong><\/a><\/p>\n<p>&nbsp;<\/p>\n","protected":false},"excerpt":{"rendered":"<p>Kogemusseminar kutseandekusest\u00a0 Noppeid ettekannetest: Kutseandekuse definitsiooni on vaja ka andekate kutse\u00f5ppijate v\u00f5rdseks kohtlemiseks akadeemiliselt andekatega; Ka kutseandekaid tuleks kohelda kui vajadusp\u00f5hist tuge vajavaid, gradatsioonis: \u00fcldine tugi \u2013 t\u00f5hustatud tugi \u2013 eritugi; Kutsev\u00f5istlused on \u00fcks v\u00f5imalus kutseandekate edendamise toetamiseks: probleemiks on motiveeritud juhendajate ja v\u00f5istelda soovivate \u00f5ppurite leidmine (avaliku esinemise kartus, t\u00e4iendav koormus kui karistus); Kui &hellip; <\/p>\n<p class=\"link-more\"><a href=\"https:\/\/talendikeskus.ee\/index.php\/kogemuskoolitus-2-05-2024-olustveres\/\" class=\"more-link\">Continue reading<span class=\"screen-reader-text\"> &#8220;Kogemuskoolitus 2.05.2024 Olustveres&#8221;<\/span><\/a><\/p>\n","protected":false},"author":1,"featured_media":0,"parent":0,"menu_order":0,"comment_status":"closed","ping_status":"closed","template":"","meta":{"footnotes":""},"class_list":["post-1330","page","type-page","status-publish","hentry"],"_links":{"self":[{"href":"https:\/\/talendikeskus.ee\/index.php\/wp-json\/wp\/v2\/pages\/1330","targetHints":{"allow":["GET"]}}],"collection":[{"href":"https:\/\/talendikeskus.ee\/index.php\/wp-json\/wp\/v2\/pages"}],"about":[{"href":"https:\/\/talendikeskus.ee\/index.php\/wp-json\/wp\/v2\/types\/page"}],"author":[{"embeddable":true,"href":"https:\/\/talendikeskus.ee\/index.php\/wp-json\/wp\/v2\/users\/1"}],"replies":[{"embeddable":true,"href":"https:\/\/talendikeskus.ee\/index.php\/wp-json\/wp\/v2\/comments?post=1330"}],"version-history":[{"count":24,"href":"https:\/\/talendikeskus.ee\/index.php\/wp-json\/wp\/v2\/pages\/1330\/revisions"}],"predecessor-version":[{"id":1367,"href":"https:\/\/talendikeskus.ee\/index.php\/wp-json\/wp\/v2\/pages\/1330\/revisions\/1367"}],"wp:attachment":[{"href":"https:\/\/talendikeskus.ee\/index.php\/wp-json\/wp\/v2\/media?parent=1330"}],"curies":[{"name":"wp","href":"https:\/\/api.w.org\/{rel}","templated":true}]}}