{"id":1380,"date":"2024-06-26T19:30:02","date_gmt":"2024-06-26T16:30:02","guid":{"rendered":"https:\/\/talendikeskus.ee\/?page_id=1380"},"modified":"2024-06-26T19:31:01","modified_gmt":"2024-06-26T16:31:01","slug":"koostoo-haridus-ja-teadusministeeriumiga","status":"publish","type":"page","link":"https:\/\/talendikeskus.ee\/index.php\/koostoo-haridus-ja-teadusministeeriumiga\/","title":{"rendered":"Koost\u00f6\u00f6 Haridus- ja Teadusministeeriumiga"},"content":{"rendered":"<h2><strong>Talendikeskus on HTM strateegiline partner andepoliitika k\u00fcsimustest 2022-2024\u00a0<\/strong><\/h2>\n<p><strong>Valminud materjalid:<\/strong><br \/>\nSepp, V., Heinla,E., P\u00f5lda,H., Schank, R. (2024). Andekuse m\u00f5iste m\u00e4\u00e4ratlus ja tunnused. Andepoliitika rakendamise tegevuskava esimese etapi raport. Haridus-ja Teadusministeerium.<\/p>\n<p>Raport on leitav\u00a0<a href=\"https:\/\/talendikeskus.ee\/wp-content\/uploads\/2024\/06\/Andekuse-moiste.pdf\">SIIT<\/a><\/p>\n<h2><strong>Alates 2019.a. on talendikeskus HTM strateegiline partner andepoliitika kujundamisel ja rakendamise k\u00fcsimustes<\/strong><u><\/u><u><\/u><\/h2>\n<ul>\n<li>\n<ul type=\"disc\">\n<li class=\"m_-1553741252005680811MsoListParagraph\">Andekuse m\u00f5iste m\u00e4\u00e4ratlemine<u><\/u><u><\/u><\/li>\n<li class=\"m_-1553741252005680811MsoListParagraph\">Annete tuvastamise ja toetamise juhendmaterjali koostamine<u><\/u><u><\/u><\/li>\n<li class=\"m_-1553741252005680811MsoListParagraph\">Andekate hariduse kvaliteediindikaatorite v\u00e4ljat\u00f6\u00f6tamine<\/li>\n<\/ul>\n<\/li>\n<\/ul>\n<p><a href=\"https:\/\/talendikeskus.ee\/wp-content\/uploads\/2024\/04\/Andekate-tegevuskava-pikk_2023_06.04_kuljendatud_rev.pdf\">Annete m\u00e4rkamise ja toetamise tegevuskava 2022-2027<\/a><\/p>\n","protected":false},"excerpt":{"rendered":"<p>Talendikeskus on HTM strateegiline partner andepoliitika k\u00fcsimustest 2022-2024\u00a0 Valminud materjalid: Sepp, V., Heinla,E., P\u00f5lda,H., Schank, R. (2024). Andekuse m\u00f5iste m\u00e4\u00e4ratlus ja tunnused. Andepoliitika rakendamise tegevuskava esimese etapi raport. Haridus-ja Teadusministeerium. Raport on leitav\u00a0SIIT Alates 2019.a. on talendikeskus HTM strateegiline partner andepoliitika kujundamisel ja rakendamise k\u00fcsimustes Andekuse m\u00f5iste m\u00e4\u00e4ratlemine Annete tuvastamise ja toetamise juhendmaterjali koostamine Andekate &hellip; <\/p>\n<p class=\"link-more\"><a href=\"https:\/\/talendikeskus.ee\/index.php\/koostoo-haridus-ja-teadusministeeriumiga\/\" class=\"more-link\">Continue reading<span class=\"screen-reader-text\"> &#8220;Koost\u00f6\u00f6 Haridus- ja Teadusministeeriumiga&#8221;<\/span><\/a><\/p>\n","protected":false},"author":1,"featured_media":0,"parent":0,"menu_order":0,"comment_status":"closed","ping_status":"closed","template":"","meta":{"footnotes":""},"class_list":["post-1380","page","type-page","status-publish","hentry"],"_links":{"self":[{"href":"https:\/\/talendikeskus.ee\/index.php\/wp-json\/wp\/v2\/pages\/1380","targetHints":{"allow":["GET"]}}],"collection":[{"href":"https:\/\/talendikeskus.ee\/index.php\/wp-json\/wp\/v2\/pages"}],"about":[{"href":"https:\/\/talendikeskus.ee\/index.php\/wp-json\/wp\/v2\/types\/page"}],"author":[{"embeddable":true,"href":"https:\/\/talendikeskus.ee\/index.php\/wp-json\/wp\/v2\/users\/1"}],"replies":[{"embeddable":true,"href":"https:\/\/talendikeskus.ee\/index.php\/wp-json\/wp\/v2\/comments?post=1380"}],"version-history":[{"count":2,"href":"https:\/\/talendikeskus.ee\/index.php\/wp-json\/wp\/v2\/pages\/1380\/revisions"}],"predecessor-version":[{"id":1383,"href":"https:\/\/talendikeskus.ee\/index.php\/wp-json\/wp\/v2\/pages\/1380\/revisions\/1383"}],"wp:attachment":[{"href":"https:\/\/talendikeskus.ee\/index.php\/wp-json\/wp\/v2\/media?parent=1380"}],"curies":[{"name":"wp","href":"https:\/\/api.w.org\/{rel}","templated":true}]}}