{"id":1412,"date":"2024-10-09T16:05:19","date_gmt":"2024-10-09T13:05:19","guid":{"rendered":"https:\/\/talendikeskus.ee\/?page_id=1412"},"modified":"2024-11-10T17:24:36","modified_gmt":"2024-11-10T15:24:36","slug":"kogemuskoolitus-viljandis-23-10-2024","status":"publish","type":"page","link":"https:\/\/talendikeskus.ee\/index.php\/kogemuskoolitus-viljandis-23-10-2024\/","title":{"rendered":"Kogemuskoolitus Viljandis 23.10.2024"},"content":{"rendered":"<h3><strong>Kogemuskoolitus\u00a0 \u201cNoppe\u00f5ppe rakendamine \u00fcldhariduskoolis. Viljandi mudel.\u201d<\/strong><\/h3>\n<p>23. oktoobril 2024 toimus MT\u00dc Eesti Talendikeskuse korraldamisel Viljandi Kesklinna Koolis kogemuskoolitus noppe\u00f5ppe rakendamisest \u00fcldhariduskoolis.<\/p>\n<p>Viljandis on Hariduse Arengufondi ja linna koolide koost\u00f6\u00f6s asutud v\u00e4lja t\u00f6\u00f6tama s\u00fcsteemset mudelit noppe\u00f5ppe rakendamiseks \u00fcldhariduskoolis. Viljandi Kesklinna Kool on pilootkoolina selles protsessis peaosaline alates eelmisest \u00f5ppeaastast.<\/p>\n<p>Noppe\u00f5pe (ingl.k. pull-out) on l\u00fchiajaline grupeerimise meede diferentseeritud \u00f5ppetegevuse pakkumiseks \u00f5pilastele, kes teatud ainevaldkondades oma teadmiste, oskuste ja\/v\u00f5i \u00f5ppimisv\u00f5ime poolest edestavad m\u00e4rgatavalt \u00f5ppekava ja eakaaslasi. Koolitusel jagavad Viljandi Kesklinna Kooli (VKK) meeskonna liikmed oma kogemusi noppe\u00f5ppe rakendamisega seonduvast nii \u00f5ppekorralduse, \u00f5ppe sisu, \u00f5ppijate ja \u00f5petajate motivatsiooni toetamise kui ka projekti tulemuslikkuse m\u00f5\u00f5tmise aspektist l\u00e4htuvalt. K\u00f5neks v\u00f5etakse nii noppe\u00f5ppe positiivsed k\u00fcljed, aga ka v\u00e4ljakutsed, millega on mudeli rakendamisel tulnud toime tulla.<\/p>\n<p>Koolitajateks olid VKK koolijuht <strong>Kaija Kits<\/strong> ning <strong>noppe\u00f5pet l\u00e4bi viivad \u00f5petajad<\/strong>. Viljandi Hariduse Arengufondi plaane mudeli arendamisel tutvustas selle tegevjuht <strong>Eneli Rimpel<\/strong>. Kohal olid ka talendikeskuse esindajad.<\/p>\n<p>Koolitus oli praktiline, eraldi oli vaatluse all noppe\u00f5ppe rakendamine<br \/>\nI kooliastmes ja vanemates kooliastmetes.<\/p>\n<p>Loe koolituse kokkuv\u00f5tet siit: <a href=\"https:\/\/opleht.ee\/2024\/11\/noppeoppega-toetame-andekaid-lapsi-koolipaeva-jooksul\" target=\"_blank\" rel=\"noopener\" data-saferedirecturl=\"https:\/\/www.google.com\/url?q=https:\/\/opleht.ee\/2024\/11\/noppeoppega-toetame-andekaid-lapsi-koolipaeva-jooksul&amp;source=gmail&amp;ust=1731338524577000&amp;usg=AOvVaw37NfFA0j6gMgosImr1HtwH\">https:\/\/opleht.ee\/<wbr \/>2024\/11\/noppeoppega-toetame-<wbr \/>andekaid-lapsi-koolipaeva-<wbr \/>jooksul<\/a><\/p>\n<p>Kogemuskoolitust korraldab MT\u00dc Eesti Talendikeskus Haridus- ja Teadusministeeriumi tegevuskava \u201cAnnete m\u00e4rkamine ja toetamine<br \/>\n2021-2027\u201d raames ja toetusel. Seni toimunud kogemuskoolituste, sj noppe\u00f5ppe info on avalikustatud MT\u00dc Eesti Talendikeskuse kodulehel<\/p>\n<blockquote class=\"wp-embedded-content\" data-secret=\"52Pyrr0pqg\"><p><a href=\"https:\/\/talendikeskus.ee\/index.php\/koolitused\/\">Koolitused<\/a><\/p><\/blockquote>\n<p><iframe loading=\"lazy\" class=\"wp-embedded-content\" sandbox=\"allow-scripts\" security=\"restricted\" style=\"position: absolute; visibility: hidden;\" title=\"&#8220;Koolitused&#8221; &#8212; MT\u00dc Eesti Talendikeskus\" src=\"https:\/\/talendikeskus.ee\/index.php\/koolitused\/embed\/#?secret=frF1pmlBoZ#?secret=52Pyrr0pqg\" data-secret=\"52Pyrr0pqg\" width=\"525\" height=\"296\" frameborder=\"0\" marginwidth=\"0\" marginheight=\"0\" scrolling=\"no\"><\/iframe><\/p>\n","protected":false},"excerpt":{"rendered":"<p>Kogemuskoolitus\u00a0 \u201cNoppe\u00f5ppe rakendamine \u00fcldhariduskoolis. Viljandi mudel.\u201d 23. oktoobril 2024 toimus MT\u00dc Eesti Talendikeskuse korraldamisel Viljandi Kesklinna Koolis kogemuskoolitus noppe\u00f5ppe rakendamisest \u00fcldhariduskoolis. Viljandis on Hariduse Arengufondi ja linna koolide koost\u00f6\u00f6s asutud v\u00e4lja t\u00f6\u00f6tama s\u00fcsteemset mudelit noppe\u00f5ppe rakendamiseks \u00fcldhariduskoolis. Viljandi Kesklinna Kool on pilootkoolina selles protsessis peaosaline alates eelmisest \u00f5ppeaastast. Noppe\u00f5pe (ingl.k. pull-out) on l\u00fchiajaline grupeerimise meede &hellip; <\/p>\n<p class=\"link-more\"><a href=\"https:\/\/talendikeskus.ee\/index.php\/kogemuskoolitus-viljandis-23-10-2024\/\" class=\"more-link\">Continue reading<span class=\"screen-reader-text\"> &#8220;Kogemuskoolitus Viljandis 23.10.2024&#8221;<\/span><\/a><\/p>\n","protected":false},"author":1,"featured_media":0,"parent":0,"menu_order":0,"comment_status":"closed","ping_status":"closed","template":"","meta":{"footnotes":""},"class_list":["post-1412","page","type-page","status-publish","hentry"],"_links":{"self":[{"href":"https:\/\/talendikeskus.ee\/index.php\/wp-json\/wp\/v2\/pages\/1412","targetHints":{"allow":["GET"]}}],"collection":[{"href":"https:\/\/talendikeskus.ee\/index.php\/wp-json\/wp\/v2\/pages"}],"about":[{"href":"https:\/\/talendikeskus.ee\/index.php\/wp-json\/wp\/v2\/types\/page"}],"author":[{"embeddable":true,"href":"https:\/\/talendikeskus.ee\/index.php\/wp-json\/wp\/v2\/users\/1"}],"replies":[{"embeddable":true,"href":"https:\/\/talendikeskus.ee\/index.php\/wp-json\/wp\/v2\/comments?post=1412"}],"version-history":[{"count":8,"href":"https:\/\/talendikeskus.ee\/index.php\/wp-json\/wp\/v2\/pages\/1412\/revisions"}],"predecessor-version":[{"id":1436,"href":"https:\/\/talendikeskus.ee\/index.php\/wp-json\/wp\/v2\/pages\/1412\/revisions\/1436"}],"wp:attachment":[{"href":"https:\/\/talendikeskus.ee\/index.php\/wp-json\/wp\/v2\/media?parent=1412"}],"curies":[{"name":"wp","href":"https:\/\/api.w.org\/{rel}","templated":true}]}}