{"id":148,"date":"2018-02-07T15:03:13","date_gmt":"2018-02-07T13:03:13","guid":{"rendered":"http:\/\/equfuba.havike.eenet.ee\/wordpress\/?page_id=148"},"modified":"2024-05-15T15:59:52","modified_gmt":"2024-05-15T12:59:52","slug":"kontakt","status":"publish","type":"page","link":"https:\/\/talendikeskus.ee\/index.php\/kontakt\/","title":{"rendered":"Toeta"},"content":{"rendered":"<p>MT\u00dc Eesti Talendikeskus on vabatahtlik algatus. Andekate avastamisse ja toetamisse saavad panustada k\u00f5ik.<\/p>\n<p><strong>Kui Sa tunned, et tahad ja saad aidata<\/strong><\/p>\n<ul style=\"padding-left: 60px;\">\n<li style=\"padding-left: 20px; padding-bottom: 5px;\">\u00fchingu kommunikatsiooni juhtimisel<\/li>\n<li style=\"padding-left: 20px; padding-bottom: 5px;\">v\u00e4iksemate projektide eestvedamisel<\/li>\n<li style=\"padding-left: 20px; padding-bottom: 5px;\">andekusalaste uuringute l\u00e4biviimisel<\/li>\n<li style=\"padding-left: 20px; padding-bottom: 5px;\">\u00fchingu kodulehe ja FB konto haldamisel<\/li>\n<li style=\"padding-left: 20px; padding-bottom: 5px;\">seminaride jaoks ruumide leidmisel<\/li>\n<li style=\"padding-left: 20px; padding-bottom: 5px;\">oma kogemuse jagamisel<\/li>\n<li style=\"padding-left: 20px; padding-bottom: 5px;\">heade ideede jagamisel, kuidas andekust paremini avastada ja toetada<\/li>\n<li style=\"padding-left: 20px;\">misiganes muul vahval moel<\/li>\n<\/ul>\n<p>N\u00e4iteks kirjutas omal algatusel meie v\u00f5rgustiku liige Vikipeediasse \u00fchingu kohta artikli.<\/p>\n<p>Kui tunned, et tahad teha head, v\u00f5ta meiega \u00fchendust:<\/p>\n<p>E-mail <a href=\"mailto:talendikeskus@gmail.com\"><span lang=\"en-US\">talendikeskus@gmail.com<br \/>\n<\/span><\/a><span lang=\"en-US\">Facebook: <a href=\"https:\/\/www.facebook.com\/eestitalendid\" target=\"_blank\" rel=\"noopener noreferrer\">www.facebook.com\/eestitalendid<\/a><\/span><\/p>\n<p>&nbsp;<\/p>\n<p><img loading=\"lazy\" decoding=\"async\" class=\"size-medium wp-image-629 alignleft\" src=\"http:\/\/www.talendikeskus.ee\/wp-content\/uploads\/2018\/02\/Screen-Shot-2019-10-01-at-09.59.52-300x105.png\" alt=\"\" width=\"300\" height=\"105\" srcset=\"https:\/\/talendikeskus.ee\/wp-content\/uploads\/2018\/02\/Screen-Shot-2019-10-01-at-09.59.52-300x105.png 300w, https:\/\/talendikeskus.ee\/wp-content\/uploads\/2018\/02\/Screen-Shot-2019-10-01-at-09.59.52-768x268.png 768w, https:\/\/talendikeskus.ee\/wp-content\/uploads\/2018\/02\/Screen-Shot-2019-10-01-at-09.59.52-1024x358.png 1024w, https:\/\/talendikeskus.ee\/wp-content\/uploads\/2018\/02\/Screen-Shot-2019-10-01-at-09.59.52.png 1928w\" sizes=\"auto, (max-width: 300px) 100vw, 300px\" \/><\/p>\n<p>Oktoobris 2019 p\u00f6\u00f6ras Heateo Sihtasusus koost\u00f6\u00f6s Swedbankiga haridusele \u00a0eriti palju t\u00e4helepanu. <strong>Spetsiaalse hariduskampaaniaga<\/strong> osundatakse valdkonna probleemidele ja kutsutakse \u00fcles annetama projektidele, mis aitavad neid lahendada. Loe l\u00e4hemalt <strong><a href=\"https:\/\/www.armastanaidata.ee\/haridus\/\" target=\"_blank\" rel=\"noopener noreferrer\">siit<\/a>.<\/strong><\/p>\n<p>Julgustavaid m\u00f5tteid annetamiskultuuri arengust Eestis jagab Urmo K\u00fcbar\u00a0 M\u00fc\u00fcrilehes \u2013 <a href=\"https:\/\/www.muurileht.ee\/tasapisi-edenev-annetamiskultuur\/\" target=\"_blank\" rel=\"noopener noreferrer\">veel ei \u00f5itse, aga juured on juba tugevad!<\/a><\/p>\n<p><span style=\"font-size: 120%;\"><span lang=\"et-EE\">\u00dchingu muude tegevuste jaoks on aga endiselt v\u00f5imalik annetada \u00fclekandega:<\/span><\/span><\/p>\n<h2><span style=\"font-size: 120%; color: #990005; text-transform: uppercase;\"><span lang=\"et-EE\">Iga anne loeb \u2013 iga annetus aitab!<\/span><\/span><\/h2>\n<p>MT\u00dc Eesti Talendikeskus (reg\u00a0<span lang=\"ET\">80403108)<\/span> arvelduskonto<img loading=\"lazy\" decoding=\"async\" class=\"alignright wp-image-245 size-thumbnail\" src=\"http:\/\/www.talendikeskus.ee\/wp-content\/uploads\/2018\/06\/HAK-500-150x150.png\" width=\"150\" height=\"150\" srcset=\"https:\/\/talendikeskus.ee\/wp-content\/uploads\/2018\/06\/HAK-500-150x150.png 150w, https:\/\/talendikeskus.ee\/wp-content\/uploads\/2018\/06\/HAK-500-300x300.png 300w, https:\/\/talendikeskus.ee\/wp-content\/uploads\/2018\/06\/HAK-500-100x100.png 100w, https:\/\/talendikeskus.ee\/wp-content\/uploads\/2018\/06\/HAK-500.png 500w\" sizes=\"auto, (max-width: 150px) 100vw, 150px\" \/><span style=\"font-family: Times\\ New\\ Roman, serif;\"><br \/>\n<\/span><strong><span lang=\"et-EE\">a\/a EE062200221064498929 Swedbank<\/span><\/strong><\/p>\n<p>MT\u00dc Eesti Talendikeskus on kantud tulumaksusoodustusega mittetulundus\u00fchingute nimekirja ja j\u00e4rgib <a href=\"https:\/\/heakodanik.ee\/annetuste-kogumise-hea-tava\/\" target=\"_blank\" rel=\"noopener noreferrer\">Hea Annetaja tava<\/a>.<\/p>\n<p>&nbsp;<\/p>\n<p>* Seisuga november 2021.<\/p>\n","protected":false},"excerpt":{"rendered":"<p>MT\u00dc Eesti Talendikeskus on vabatahtlik algatus. Andekate avastamisse ja toetamisse saavad panustada k\u00f5ik. Kui Sa tunned, et tahad ja saad aidata \u00fchingu kommunikatsiooni juhtimisel v\u00e4iksemate projektide eestvedamisel andekusalaste uuringute l\u00e4biviimisel \u00fchingu kodulehe ja FB konto haldamisel seminaride jaoks ruumide leidmisel oma kogemuse jagamisel heade ideede jagamisel, kuidas andekust paremini avastada ja toetada misiganes muul vahval &hellip; <\/p>\n<p class=\"link-more\"><a href=\"https:\/\/talendikeskus.ee\/index.php\/kontakt\/\" class=\"more-link\">Continue reading<span class=\"screen-reader-text\"> &#8220;Toeta&#8221;<\/span><\/a><\/p>\n","protected":false},"author":1,"featured_media":0,"parent":0,"menu_order":0,"comment_status":"closed","ping_status":"closed","template":"","meta":{"footnotes":""},"class_list":["post-148","page","type-page","status-publish","hentry"],"_links":{"self":[{"href":"https:\/\/talendikeskus.ee\/index.php\/wp-json\/wp\/v2\/pages\/148","targetHints":{"allow":["GET"]}}],"collection":[{"href":"https:\/\/talendikeskus.ee\/index.php\/wp-json\/wp\/v2\/pages"}],"about":[{"href":"https:\/\/talendikeskus.ee\/index.php\/wp-json\/wp\/v2\/types\/page"}],"author":[{"embeddable":true,"href":"https:\/\/talendikeskus.ee\/index.php\/wp-json\/wp\/v2\/users\/1"}],"replies":[{"embeddable":true,"href":"https:\/\/talendikeskus.ee\/index.php\/wp-json\/wp\/v2\/comments?post=148"}],"version-history":[{"count":94,"href":"https:\/\/talendikeskus.ee\/index.php\/wp-json\/wp\/v2\/pages\/148\/revisions"}],"predecessor-version":[{"id":1369,"href":"https:\/\/talendikeskus.ee\/index.php\/wp-json\/wp\/v2\/pages\/148\/revisions\/1369"}],"wp:attachment":[{"href":"https:\/\/talendikeskus.ee\/index.php\/wp-json\/wp\/v2\/media?parent=148"}],"curies":[{"name":"wp","href":"https:\/\/api.w.org\/{rel}","templated":true}]}}