{"id":1490,"date":"2025-06-19T09:29:43","date_gmt":"2025-06-19T06:29:43","guid":{"rendered":"https:\/\/talendikeskus.ee\/?page_id=1490"},"modified":"2025-08-29T18:58:14","modified_gmt":"2025-08-29T15:58:14","slug":"suveseminar-2025","status":"publish","type":"page","link":"https:\/\/talendikeskus.ee\/index.php\/suveseminar-2025\/","title":{"rendered":"Suveseminar 2025"},"content":{"rendered":"<h2><strong>&#8220;<\/strong><strong>Mitmekesised \u00f5pirajad andekuse toetamisel ehk kuidas p\u00e4ikeseauto ehitamist arvestada \u00fcldhariduskooli \u00f5ppekavas\u201c <\/strong><\/h2>\n<p>15.augustil 2025<\/p>\n<p>Viljandi Jakobsoni Kool (Riia mnt 91)<\/p>\n<p><strong>10.45<\/strong> \u00a0tervituskohv ja registreerimine<\/p>\n<p><strong>11.00<\/strong> Avas\u00f5nad \u00a0<em>Viire Sepp, Talendikeskuse juhatuse liige<\/em><\/p>\n<p>Tervitused<\/p>\n<p><strong>11.10 -11.40<\/strong> <a href=\"https:\/\/talendikeskus.ee\/wp-content\/uploads\/2025\/08\/FO-MFO-loimingust-Talendikeskus_150825.pdf\">F\u00d5 ja MF\u00d5 l\u00f5imimine: mis, miks ja kuidas?<\/a> \u00a0<em>Tormi Kotkas, HTMi noorsoot\u00f6\u00f6 ja huvihariduse juht<\/em><\/p>\n<p><strong>11.40 \u2013 12.00<\/strong> <a href=\"https:\/\/talendikeskus.ee\/wp-content\/uploads\/2025\/08\/Ulevaade-korge-enesereguleeritud-oppimise-klassiruumist.14.08.25_Liina-Kersna.pdf\">Kuidas me saaksime luua koolis tingimused enesereguleeritud \u00f5ppeks, mis toetab tema kujunemist ennastjuhtivaks \u00f5ppijaks.<\/a>\u00a0<em>Liina Kersna, T\u00dc doktoran<\/em><em>t<\/em><\/p>\n<p><strong>12.00 &#8211; 12.20<\/strong> <a href=\"https:\/\/talendikeskus.ee\/wp-content\/uploads\/2025\/08\/Talendikeskuse-suveseminar_JPG-kogemus_Mari_Roostik-15.08.pdf\">Tartu Poska G\u00fcmnaasiumi kogemus erinevate haridusliikide l\u00f5iminguga<\/a><em>. Mari Roostik, TPG direktor<\/em><\/p>\n<p><strong>12.25 -12.50<\/strong> Paneelarutelu: Mis kasu on \u00f5ppijal MF\u00d5 ja F\u00d5 l\u00f5imingust<em>. Panelistid Rosette Liis Uus* (vt pikemat tutvustust allpool, Viljandi Taibukate teaduskooli vilistlane), <\/em><em>Karl Valter Oja*<\/em> (<em>rahvusvahelise ol\u00fcmpiaadi v\u00f5istkonna liige ja mentor), Anneli Armus-Juhkam (lapsevanem ja \u00f5petaja), Viire Sepp (haridusps\u00fchholoogi rollis)<\/em>. <em>Moderaator: Kati Bakradze-Pank, Tallinna \u00dchisg\u00fcmnaasiumi \u00f5petaja<\/em><\/p>\n<p><strong><a href=\"https:\/\/talendikeskus.ee\/wp-content\/uploads\/2025\/08\/Paneelarutelu-kokkuvote.pdf\">Paneelarutelu kokkuv\u00f5te!<\/a><\/strong><\/p>\n<p><img loading=\"lazy\" decoding=\"async\" class=\"alignnone size-medium wp-image-1538\" src=\"https:\/\/talendikeskus.ee\/wp-content\/uploads\/2025\/08\/Paneelarutelu-1-300x225.jpg\" alt=\"\" width=\"300\" height=\"225\" srcset=\"https:\/\/talendikeskus.ee\/wp-content\/uploads\/2025\/08\/Paneelarutelu-1-300x225.jpg 300w, https:\/\/talendikeskus.ee\/wp-content\/uploads\/2025\/08\/Paneelarutelu-1-1024x768.jpg 1024w, https:\/\/talendikeskus.ee\/wp-content\/uploads\/2025\/08\/Paneelarutelu-1-768x576.jpg 768w, https:\/\/talendikeskus.ee\/wp-content\/uploads\/2025\/08\/Paneelarutelu-1-1536x1152.jpg 1536w, https:\/\/talendikeskus.ee\/wp-content\/uploads\/2025\/08\/Paneelarutelu-1.jpg 2016w\" sizes=\"auto, (max-width: 300px) 100vw, 300px\" \/><\/p>\n<p><em>Panelistid (paremalt): Rosette Liis Uus, Karl Valter Oja, Anneli Armus-Juhkam ja moderaator Kati Bakradze-Pank<\/em><\/p>\n<p><strong>12.50 -13.00<\/strong> <a href=\"https:\/\/talendikeskus.ee\/wp-content\/uploads\/2025\/08\/Mari_Jarve_Taibukate_Teaduskool_150825.pdf\">Mitte ainult huviharidus-taibukate teaduskooli uurimislabor<\/a><em>. Mari J\u00e4rve, Viljandi Taibukate Teaduskooli juhataja<\/em><\/p>\n<p><strong><em>\u00dcllatushetk ja pr Sirje Karise s\u00f5nav\u00f5tt<\/em><\/strong><\/p>\n<p><strong>13.15 \u2013 14.00<\/strong> l\u00f5unapaus<\/p>\n<p>Huvilistele tutvustatakse taibukate teaduskooli uurimislaborit<\/p>\n<p>V\u00f5imalus tutvuda noorsoot\u00f6\u00f6asutuste infomaterjalidega,<\/p>\n<p><strong>14.00 \u2013 14.25<\/strong> \u00a0<a href=\"https:\/\/talendikeskus.ee\/wp-content\/uploads\/2025\/08\/Kosmoseteemaliste-projektide-oskuslik-sidumine-oppetooga.pdf\">Kosmoseteemaliste projektide oskuslik sidumine \u00f5ppet\u00f6\u00f6ga ning TERA Peedu kooli kogemus CanSat projekti n\u00e4itel.<\/a> <em>Heli L\u00e4tt, ESERO Eesti juht, Tartu observatooriumi k\u00fclastuskeskuse juhataja ja Anneli Armus-Juhkam, TERA Peedu kooli III kooliastme \u00f5ppejuht, noppe\u00f5ppe kujundaja ja arendusjuht <\/em><\/p>\n<p><strong>14.25 \u2013 14.50<\/strong> <a href=\"https:\/\/talendikeskus.ee\/wp-content\/uploads\/2025\/08\/15_august_2025-Viimsi-Kool.pdf\">V-Tech mooduli korraldusest ja seostamisest \u00f5ppekavaga ning KOV rollist MF\u00d5 ja F\u00d5 l\u00f5imingu toetamisel.<\/a> <em>Peeter Sipelgas, Viimsi kooli direktor <\/em><\/p>\n<p><strong>14.40 \u2013 15. 40<\/strong> Grupiarutelud: edasised arengud, kuidas muuta l\u00f5imingut mitmekesisemaks ja sujuvamaks, kas king pigistab ka seadusandluses jm k\u00fcsimused. <em>Moderaator: Kadri Saluri, Viimsi Teaduskooli direktor<\/em><\/p>\n<p><strong><a href=\"https:\/\/talendikeskus.ee\/wp-content\/uploads\/2025\/08\/Grupiarutelu-kokkuvote_edasised-arengud-kuidas-muuta-loimingut-mitmekesisemaks-ja-sujuvamaks-kas-king-pigistab-ka-seadusandluses-jm-kusimused.pdf\">GRUPIARUTELU KOKKUV\u00d5TE!<\/a><\/strong><\/p>\n<p><strong>*\u00a0I sessiooni paneelis osalevate noorte tutvustus<\/strong>:<\/p>\n<p><strong><em>Rosette Liis Uus<\/em><\/strong><\/p>\n<p><em style=\"font-size: 1rem;\">2025. aastal l\u00f5petasin Viljandi G\u00fcmnaasiumi loodus-reaal suunal ning s\u00fcgisest asun \u00f5ppima Tartu \u00dclikoolis matemaatika erialal.<\/em><\/p>\n<p><em>Olen juba kaheksa aastat olnud seotud Viljandi Taibukate Teaduskooliga &#8211; alguses \u00f5pilasena ning viimased neli aastat viinud ise l\u00e4bi teadusringe erinevates lasteaedades. <\/em><\/p>\n<p><em>Kooliv\u00e4liselt olen olnud aktiivne \u00fchiskondlikus elus &#8211; kuulunud viimased kuus aastat Viljandi Noortevolikokku, sealjuures seda neljal viimasel aastal juhtinud. Olen tihedalt seotud Eesti Noorte\u00fchenduste Liidu tegevustega ning seisnud noorte huvide eest nii kohalikul kui ka \u00fcleriigilisel tasandil. Samuti olen tegelenud rahvatantsu ja laskespordiga.<\/em><\/p>\n<p><em>\u00a0<\/em><strong><em>Karl Valter Oja<\/em><\/strong><\/p>\n<p><em>P\u00f5hihariduse omandasin Miina H\u00e4rma G\u00fcmnaasiumis, keskhariduse Hugo Treffneri G\u00fcmnaasiumis. 2022. aastal astusin Tartu \u00dclikooli arstiteaduskonda, s\u00fcgisel alustan 4. kursust. Mitteformaal\u00f5ppes olen osalenud peamiselt g\u00fcmnaasiumis, kus k\u00e4isin keemia ja bioloogia ol\u00fcmpiaadideks ettevalmistavatel kursustel T\u00dc teaduskoolis. Algklassides k\u00e4isin ma ka Loodusringis<\/em><\/p>\n<p><em>Keemia ol\u00fcmpiaadiga hakkasin tegelema juba 9. klassis ja p\u00e4\u00e4sesin mitmel korral ka vabariiklikku vooru. Bioloogiaga hakkasin ol\u00fcmpiaaditasemel tegelema alles g\u00fcmnaasiumis. Suvel peale 12. klassi k\u00e4isin ma rahvusvahelisel bioloogiaol\u00fcmpiaadil Armeenias ja saavutasin seal pronksmedali. <\/em><\/p>\n<p><em>\u00dclikooli astudes olen alates 2023. aastast aidanud T\u00dc teaduskoolis korraldada Eesti bioloogiaol\u00fcmpiaadi. Igal aastal olen koostanud nii piirkonna- kui ka l\u00f5ppvooru teooriak\u00fcsimusi ning osalenud ka praktiliste \u00fclesannete koostamisel ja praktikumide korraldamisel. K\u00e4esoleval suvel osalesin rahvusvahelisel bioloogiaol\u00fcmpiaadil Manilas Eesti v\u00f5istkonna \u00fche mentorina.<\/em><\/p>\n<p><em>Tudengina olen osalenud ja aidanud korraldada ka Tartu \u00dclikooli arstiteaduskonna poolt algatatud \u00fcli\u00f5pilaste rahvusvahelist anatoomiaol\u00fcmpiaadi ning juhin Arsti\u00fcli\u00f5pilaste Seltsi sisehaiguste ringi.<\/em><\/p>\n","protected":false},"excerpt":{"rendered":"<p>&#8220;Mitmekesised \u00f5pirajad andekuse toetamisel ehk kuidas p\u00e4ikeseauto ehitamist arvestada \u00fcldhariduskooli \u00f5ppekavas\u201c 15.augustil 2025 Viljandi Jakobsoni Kool (Riia mnt 91) 10.45 \u00a0tervituskohv ja registreerimine 11.00 Avas\u00f5nad \u00a0Viire Sepp, Talendikeskuse juhatuse liige Tervitused 11.10 -11.40 F\u00d5 ja MF\u00d5 l\u00f5imimine: mis, miks ja kuidas? \u00a0Tormi Kotkas, HTMi noorsoot\u00f6\u00f6 ja huvihariduse juht 11.40 \u2013 12.00 Kuidas me saaksime luua &hellip; <\/p>\n<p class=\"link-more\"><a href=\"https:\/\/talendikeskus.ee\/index.php\/suveseminar-2025\/\" class=\"more-link\">Continue reading<span class=\"screen-reader-text\"> &#8220;Suveseminar 2025&#8221;<\/span><\/a><\/p>\n","protected":false},"author":1,"featured_media":0,"parent":0,"menu_order":0,"comment_status":"closed","ping_status":"closed","template":"","meta":{"footnotes":""},"class_list":["post-1490","page","type-page","status-publish","hentry"],"_links":{"self":[{"href":"https:\/\/talendikeskus.ee\/index.php\/wp-json\/wp\/v2\/pages\/1490","targetHints":{"allow":["GET"]}}],"collection":[{"href":"https:\/\/talendikeskus.ee\/index.php\/wp-json\/wp\/v2\/pages"}],"about":[{"href":"https:\/\/talendikeskus.ee\/index.php\/wp-json\/wp\/v2\/types\/page"}],"author":[{"embeddable":true,"href":"https:\/\/talendikeskus.ee\/index.php\/wp-json\/wp\/v2\/users\/1"}],"replies":[{"embeddable":true,"href":"https:\/\/talendikeskus.ee\/index.php\/wp-json\/wp\/v2\/comments?post=1490"}],"version-history":[{"count":18,"href":"https:\/\/talendikeskus.ee\/index.php\/wp-json\/wp\/v2\/pages\/1490\/revisions"}],"predecessor-version":[{"id":1541,"href":"https:\/\/talendikeskus.ee\/index.php\/wp-json\/wp\/v2\/pages\/1490\/revisions\/1541"}],"wp:attachment":[{"href":"https:\/\/talendikeskus.ee\/index.php\/wp-json\/wp\/v2\/media?parent=1490"}],"curies":[{"name":"wp","href":"https:\/\/api.w.org\/{rel}","templated":true}]}}