{"id":1543,"date":"2026-04-15T18:31:39","date_gmt":"2026-04-15T15:31:39","guid":{"rendered":"https:\/\/talendikeskus.ee\/?page_id=1543"},"modified":"2026-04-15T18:32:55","modified_gmt":"2026-04-15T15:32:55","slug":"talveseminar-2026","status":"publish","type":"page","link":"https:\/\/talendikeskus.ee\/index.php\/talveseminar-2026\/","title":{"rendered":"Talveseminar 2026"},"content":{"rendered":"<h2 class=\"m_-5985582349815554447xxxmsonormal\"><strong><span lang=\"EN-US\">23.m\u00e4rtsil toimus MT\u00dc Eesti talendikeskuse kevadh\u00f5nguiline talveseminar\u00a0<\/span><\/strong><u><\/u><\/h2>\n<h3 class=\"m_-5985582349815554447xxxmsonormal\"><strong>Teemaks \u00a0&#8220;Mida pakub sooritusps\u00fchholoogia t\u00f6\u00f6riistakast talendi arengu toetamiseks?\u201c<\/strong>. Lektoriks oli Tartu \u00dclikooli ps\u00fchholoogia instituudi spordi-ja sooritusps\u00fchholoogia lektor\u00a0<b>Aave Hannus<\/b>\u00a0(PhD).<u><\/u><u><\/u><\/h3>\n<p class=\"m_-5985582349815554447xxxmsonormal\">Seminar toimus veebis.<br \/>\nOtsiti vastuseid j\u00e4rgmistele k\u00fcsimustele:<br \/>\n&#8211; Kas pingevaba tippsooritus on v\u00f5imalik?<br \/>\n&#8211; Miks t\u00e4helepanu on t\u00e4htsam kui enesekindlus?<br \/>\n&#8211; Mis on vaimne tugevus<br \/>\n&#8211; Kuidas vaimset tugevust treenitakse?<u><\/u><u><\/u><\/p>\n<p>Seminari <a href=\"https:\/\/talendikeskus.ee\/wp-content\/uploads\/2026\/04\/Mida-pakub-soorituspsuhholoogia-tooriistakast-talendi-arengu-toetamiseks_Hannus_2026.pdf\"><strong>SLAIDID<\/strong><\/a><\/p>\n<p class=\"m_-5985582349815554447xxxmsonormal\">\n","protected":false},"excerpt":{"rendered":"<p>23.m\u00e4rtsil toimus MT\u00dc Eesti talendikeskuse kevadh\u00f5nguiline talveseminar\u00a0 Teemaks \u00a0&#8220;Mida pakub sooritusps\u00fchholoogia t\u00f6\u00f6riistakast talendi arengu toetamiseks?\u201c. Lektoriks oli Tartu \u00dclikooli ps\u00fchholoogia instituudi spordi-ja sooritusps\u00fchholoogia lektor\u00a0Aave Hannus\u00a0(PhD). Seminar toimus veebis. Otsiti vastuseid j\u00e4rgmistele k\u00fcsimustele: &#8211; Kas pingevaba tippsooritus on v\u00f5imalik? &#8211; Miks t\u00e4helepanu on t\u00e4htsam kui enesekindlus? &#8211; Mis on vaimne tugevus &#8211; Kuidas vaimset tugevust treenitakse? &hellip; <\/p>\n<p class=\"link-more\"><a href=\"https:\/\/talendikeskus.ee\/index.php\/talveseminar-2026\/\" class=\"more-link\">Continue reading<span class=\"screen-reader-text\"> &#8220;Talveseminar 2026&#8221;<\/span><\/a><\/p>\n","protected":false},"author":1,"featured_media":0,"parent":0,"menu_order":0,"comment_status":"closed","ping_status":"closed","template":"","meta":{"footnotes":""},"class_list":["post-1543","page","type-page","status-publish","hentry"],"_links":{"self":[{"href":"https:\/\/talendikeskus.ee\/index.php\/wp-json\/wp\/v2\/pages\/1543","targetHints":{"allow":["GET"]}}],"collection":[{"href":"https:\/\/talendikeskus.ee\/index.php\/wp-json\/wp\/v2\/pages"}],"about":[{"href":"https:\/\/talendikeskus.ee\/index.php\/wp-json\/wp\/v2\/types\/page"}],"author":[{"embeddable":true,"href":"https:\/\/talendikeskus.ee\/index.php\/wp-json\/wp\/v2\/users\/1"}],"replies":[{"embeddable":true,"href":"https:\/\/talendikeskus.ee\/index.php\/wp-json\/wp\/v2\/comments?post=1543"}],"version-history":[{"count":2,"href":"https:\/\/talendikeskus.ee\/index.php\/wp-json\/wp\/v2\/pages\/1543\/revisions"}],"predecessor-version":[{"id":1546,"href":"https:\/\/talendikeskus.ee\/index.php\/wp-json\/wp\/v2\/pages\/1543\/revisions\/1546"}],"wp:attachment":[{"href":"https:\/\/talendikeskus.ee\/index.php\/wp-json\/wp\/v2\/media?parent=1543"}],"curies":[{"name":"wp","href":"https:\/\/api.w.org\/{rel}","templated":true}]}}