{"id":194,"date":"2018-02-20T14:27:14","date_gmt":"2018-02-20T12:27:14","guid":{"rendered":"http:\/\/equfuba.havike.eenet.ee\/wordpress\/?page_id=194"},"modified":"2025-08-17T10:03:27","modified_gmt":"2025-08-17T07:03:27","slug":"tere-tulemast-mtu-eesti-talendikeskus-kodulehele","status":"publish","type":"page","link":"https:\/\/talendikeskus.ee\/","title":{"rendered":"Et tippe oleks rohkem!"},"content":{"rendered":"<p style=\"text-align: left;\">Osadele lastele on loodus andnud kaasa <strong>erilise v\u00f5imekuse saavutada silmapaistvaid tulemusi<\/strong>. Sageli \u00f5nnestub andekal anne muretult eduks p\u00f6\u00f6rata. Kuid harvad ei ole\u00b4 juhtumid, kus laps, kes v\u00f5imete poolest v\u00f5iks muuta maailma, j\u00e4\u00e4b lasteaias v\u00f5i koolis j\u00e4nni. Halvimal juhul langeb koolist v\u00e4lja. Tema jaoks ei ole kool olnud piisav vaimne v\u00e4ljakutse.<\/p>\n<p>Talle, Sulle ja tegelikult kogu \u00fchiskonnale on oluline, et <strong>annet m\u00e4rgatakse <\/strong>v\u00f5imalikult vara ja seda <strong>osatakse toetada<\/strong>.<\/p>\n<p><img loading=\"lazy\" decoding=\"async\" class=\"size-medium wp-image-777 alignright\" src=\"http:\/\/www.talendikeskus.ee\/wp-content\/uploads\/2020\/09\/200819_TM_9691-200x300.jpg\" alt=\"\" width=\"200\" height=\"300\" srcset=\"https:\/\/talendikeskus.ee\/wp-content\/uploads\/2020\/09\/200819_TM_9691-200x300.jpg 200w, https:\/\/talendikeskus.ee\/wp-content\/uploads\/2020\/09\/200819_TM_9691-768x1152.jpg 768w, https:\/\/talendikeskus.ee\/wp-content\/uploads\/2020\/09\/200819_TM_9691-683x1024.jpg 683w, https:\/\/talendikeskus.ee\/wp-content\/uploads\/2020\/09\/200819_TM_9691.jpg 1949w\" sizes=\"auto, (max-width: 200px) 100vw, 200px\" \/>Tuge ja t\u00e4helepanu vajavad nii lapse erilised v\u00f5imed kui pahatihti ka tavalisest <strong>n\u00f5rgemad emotsionaalsed ja sotsiaalsed oskused<\/strong>, lapse andekust varjav puue v\u00f5i muu erivajadus. Andekas laps on v\u00e4ljakutse emale, isale, \u00f5ele-vennale, vanavanematele, \u00f5petajale, koolijuhile, treenerile. Abiks on m\u00f5istmine, et andekas vajab lihtsalt teistsugust l\u00e4henemist.<\/p>\n<p style=\"text-align: left;\">Talendi v\u00e4ljakujunemisele pannakse alus just koolieelses eas. M\u00f5nikord v\u00f5ib ande hiline m\u00e4rkamine v\u00f5i teistsugustest vajadustest tahtmatult m\u00f6\u00f6davaatamine tuua kaasa <strong>ande p\u00f6\u00f6rdumatu kustumise<\/strong>. Ja talendid l\u00e4hevad kaotsi!<\/p>\n<p style=\"text-align: left;\">Eesti Talendikeskus panustab eelk\u00f5ige eel-, alg- ja p\u00f5hikooli-ealiste laste andekuse avastamisse ja <em>toetamisse.<\/em> \u00dchingu suurim v\u00e4ljakutse on teadlikkuse t\u00f5stmine \u00fchiskonnas.<\/p>\n<h2><strong><span style=\"color: #990005; text-transform: uppercase;\">Iga anne loeb !<\/span><\/strong><\/h2>\n<h5><strong><span style=\"color: #990005; text-transform: uppercase;\"><img loading=\"lazy\" decoding=\"async\" class=\"size-full wp-image-502 alignright\" src=\"http:\/\/www.talendikeskus.ee\/wp-content\/uploads\/2018\/02\/andekuse-kolmnurk_13439059_554009814782148_7256639486231602692_n.png\" alt=\"\" width=\"200\" height=\"200\" srcset=\"https:\/\/talendikeskus.ee\/wp-content\/uploads\/2018\/02\/andekuse-kolmnurk_13439059_554009814782148_7256639486231602692_n.png 200w, https:\/\/talendikeskus.ee\/wp-content\/uploads\/2018\/02\/andekuse-kolmnurk_13439059_554009814782148_7256639486231602692_n-150x150.png 150w, https:\/\/talendikeskus.ee\/wp-content\/uploads\/2018\/02\/andekuse-kolmnurk_13439059_554009814782148_7256639486231602692_n-100x100.png 100w\" sizes=\"auto, (max-width: 200px) 100vw, 200px\" \/><\/span><\/strong><span style=\"color: #990005; text-transform: uppercase;\">See leht on Sulle,<\/span><\/h5>\n<ul style=\"padding-left: 60px;\">\n<li><span style=\"padding-bottom: 5px; color: #000000;\">kui sa tahad <strong>rohkem teada<\/strong> andekusega kaasnevatest muredest ja r\u00f5\u00f5mudest\u00a0\u00a0<\/span><\/li>\n<li><span style=\"padding-bottom: 5px; color: #000000;\">kui\u00a0 su <strong>peres kasvab andekas laps <\/strong><\/span><\/li>\n<li><span style=\"padding-bottom: 5px; color: #000000;\">kui sa oled kasvataja, <strong>pedagoog<\/strong>, <strong>ps\u00fchholoog<\/strong>, arst v\u00f5i m\u00f5nes muus ametis t\u00f6\u00f6tav spetsialist, kellel on vaja m\u00f5ista\u00a0 andekate laste erip\u00e4rasid <\/span><\/li>\n<li><span style=\"padding-bottom: 5px; color: #000000;\">kui sa\u00a0 soovid saada teavet v\u00f5i n\u00f5uandeid\u00a0 ning vahetada kogemusi andekate laste arengu toetamise v\u00f5imalustest \u00a0<\/span><\/li>\n<li><span style=\"padding-bottom: 5px; color: #000000;\">kui\u00a0 sa soovid kuuluda inimeste ja organisatsioonide <strong>v\u00f5rgustikku<\/strong>, kes hoolivad andekate laste arengust ja m\u00f5istavad, et talendid on \u00fchiskonna peavara<\/span><\/li>\n<\/ul>\n<p>&nbsp;<\/p>\n","protected":false},"excerpt":{"rendered":"<p>Osadele lastele on loodus andnud kaasa erilise v\u00f5imekuse saavutada silmapaistvaid tulemusi. Sageli \u00f5nnestub andekal anne muretult eduks p\u00f6\u00f6rata. Kuid harvad ei ole\u00b4 juhtumid, kus laps, kes v\u00f5imete poolest v\u00f5iks muuta maailma, j\u00e4\u00e4b lasteaias v\u00f5i koolis j\u00e4nni. Halvimal juhul langeb koolist v\u00e4lja. Tema jaoks ei ole kool olnud piisav vaimne v\u00e4ljakutse. Talle, Sulle ja tegelikult kogu &hellip; <\/p>\n<p class=\"link-more\"><a href=\"https:\/\/talendikeskus.ee\/\" class=\"more-link\">Continue reading<span class=\"screen-reader-text\"> &#8220;Et tippe oleks rohkem!&#8221;<\/span><\/a><\/p>\n","protected":false},"author":1,"featured_media":0,"parent":0,"menu_order":0,"comment_status":"closed","ping_status":"closed","template":"","meta":{"footnotes":""},"class_list":["post-194","page","type-page","status-publish","hentry"],"_links":{"self":[{"href":"https:\/\/talendikeskus.ee\/index.php\/wp-json\/wp\/v2\/pages\/194","targetHints":{"allow":["GET"]}}],"collection":[{"href":"https:\/\/talendikeskus.ee\/index.php\/wp-json\/wp\/v2\/pages"}],"about":[{"href":"https:\/\/talendikeskus.ee\/index.php\/wp-json\/wp\/v2\/types\/page"}],"author":[{"embeddable":true,"href":"https:\/\/talendikeskus.ee\/index.php\/wp-json\/wp\/v2\/users\/1"}],"replies":[{"embeddable":true,"href":"https:\/\/talendikeskus.ee\/index.php\/wp-json\/wp\/v2\/comments?post=194"}],"version-history":[{"count":88,"href":"https:\/\/talendikeskus.ee\/index.php\/wp-json\/wp\/v2\/pages\/194\/revisions"}],"predecessor-version":[{"id":1525,"href":"https:\/\/talendikeskus.ee\/index.php\/wp-json\/wp\/v2\/pages\/194\/revisions\/1525"}],"wp:attachment":[{"href":"https:\/\/talendikeskus.ee\/index.php\/wp-json\/wp\/v2\/media?parent=194"}],"curies":[{"name":"wp","href":"https:\/\/api.w.org\/{rel}","templated":true}]}}