{"id":249,"date":"2018-06-06T07:15:55","date_gmt":"2018-06-06T04:15:55","guid":{"rendered":"http:\/\/www.talendikeskus.ee\/wordpress\/?page_id=249"},"modified":"2025-08-02T09:49:01","modified_gmt":"2025-08-02T06:49:01","slug":"juhatuse-liikmed","status":"publish","type":"page","link":"https:\/\/talendikeskus.ee\/index.php\/juhatuse-liikmed\/","title":{"rendered":"Juhatuse liikmed"},"content":{"rendered":"<div style=\"width: 100%;\">\n<div style=\"width: 100%; overflow: auto; margin-bottom: 1em;\"><\/div>\n<div style=\"width: 100%; overflow: auto; margin-bottom: 1em;\">\n<div style=\"float: left; width: 30%; margin-right: 1em;\">\n<figure style=\"width: 160px\" class=\"wp-caption alignleft\"><img loading=\"lazy\" decoding=\"async\" src=\"http:\/\/www.talendikeskus.ee\/wp-content\/uploads\/2018\/06\/Viire-Sepp.gif\" alt=\"Viire Sepp\" width=\"160\" height=\"240\" \/><figcaption class=\"wp-caption-text\">Viire Sepp<\/figcaption><\/figure>\n<\/div>\n<div>\n<p><b>Viire Sepp<\/b><\/p>\n<p>PhD, kauaaegne T\u00dc teaduskooli juht (1978-2015).<\/p>\n<p>Alates 2010.aastast on ta lugenud andekuse ps\u00fchholoogia ja pedagoogika kursusi Tartu \u00dclikoolis ning koolitanud \u00f5petajaid t\u00e4iendkoolituskursustel nii T\u00dcs kui TL\u00dcs.<\/p>\n<p>Viire on raamatu &#8220;Andekusest ja andekatest lastest&#8221; jpt kirjutiste autor<br \/>\nning korraldanud mitmeid andekuse-alaseid konverentse. Eesti raport\u00f6\u00f6r<br \/>\nECHA ja WCGTC juures.<\/p>\n<p>MT\u00dc Eesti Talendikeskus asutajaliige.<\/p>\n<\/div>\n<\/div>\n<p>.<\/p>\n<div style=\"width: 100%; overflow: auto; margin-bottom: 1em;\">\n<div style=\"float: left; width: 30%; margin-right: 1em;\">\n<figure style=\"width: 160px\" class=\"wp-caption alignleft\"><img loading=\"lazy\" decoding=\"async\" src=\"http:\/\/www.talendikeskus.ee\/wp-content\/uploads\/2018\/06\/Sulev-Kuuse.gif\" alt=\"Sulev Kuuse\" width=\"160\" height=\"240\" \/><figcaption class=\"wp-caption-text\">Sulev Kuuse<\/figcaption><\/figure>\n<\/div>\n<div>\n<p><b>Sulev Kuuse<\/b><\/p>\n<p>T\u00dc molekulaar- ja rakubioloogia instituudi vivaariumi juhataja, magister.<\/p>\n<p>Mitmete mahukate \u00f5pikute (Geneetika, Rakubioloogia) toimetaja, autor ja koostaja ning aktiivne teaduse populariseerija nii s\u00f5nas kui pildis; loodusfotodest on ta kokku pannud ka mitu isikn\u00e4itust.<\/p>\n<p>Sulev on Eesti bioloogiaol\u00fcmpiaadi \u017e\u00fcrii esimees ja rahvusvahelise bioloogiaol\u00fcmpiaadi Eesti v\u00f5istkonna juht alates 2009.aastast.<\/p>\n<p>MT\u00dc Eesti Talendikeskus asutajaliige.<\/p>\n<p>&nbsp;<\/p>\n<\/div>\n<\/div>\n<div style=\"width: 100%; overflow: auto; margin-bottom: 1em;\">\n<div style=\"float: left; width: 30%; margin-right: 1em;\">\n<figure style=\"width: 160px\" class=\"wp-caption alignleft\"><img loading=\"lazy\" decoding=\"async\" src=\"http:\/\/www.talendikeskus.ee\/wp-content\/uploads\/2018\/06\/Tiina-Mikk.gif\" alt=\"Tiina Mikk\" width=\"160\" height=\"240\" \/><figcaption class=\"wp-caption-text\">Tiina Mikk<\/figcaption><\/figure>\n<\/div>\n<div>\n<p><b>Tiina Mikk (Karm)<\/b><\/p>\n<p>Juhatuse liige 2016-2024<\/p>\n<p>Tartu \u00dclikooli p\u00e4rimis\u00f5iguse ja perekonna\u00f5iguse \u00f5ppej\u00f5ud, PhD. Tartu \u00dclikoolis \u00f5petab ta 2001 aastast.<\/p>\n<p>Ta on osalenud seadusloomes, teinud advokaadit\u00f6\u00f6d ja viinud l\u00e4bi koolitusi. Tiina teaduse populariseerimise alase projektijuhtimise n\u00e4iteks on T\u00dc \u00f5igusteaduskonna e-kursus \u201c\u00d5iguse alused mittejuristile\u201d. Tiina on kolme lapse ema.<\/p>\n<p>MT\u00dc Eesti Talendikeskus asutajaliige.<\/p>\n<\/div>\n<\/div>\n<\/div>\n","protected":false},"excerpt":{"rendered":"<p>Viire Sepp PhD, kauaaegne T\u00dc teaduskooli juht (1978-2015). Alates 2010.aastast on ta lugenud andekuse ps\u00fchholoogia ja pedagoogika kursusi Tartu \u00dclikoolis ning koolitanud \u00f5petajaid t\u00e4iendkoolituskursustel nii T\u00dcs kui TL\u00dcs. Viire on raamatu &#8220;Andekusest ja andekatest lastest&#8221; jpt kirjutiste autor ning korraldanud mitmeid andekuse-alaseid konverentse. Eesti raport\u00f6\u00f6r ECHA ja WCGTC juures. MT\u00dc Eesti Talendikeskus asutajaliige. . Sulev &hellip; <\/p>\n<p class=\"link-more\"><a href=\"https:\/\/talendikeskus.ee\/index.php\/juhatuse-liikmed\/\" class=\"more-link\">Continue reading<span class=\"screen-reader-text\"> &#8220;Juhatuse liikmed&#8221;<\/span><\/a><\/p>\n","protected":false},"author":1,"featured_media":0,"parent":0,"menu_order":0,"comment_status":"closed","ping_status":"closed","template":"","meta":{"footnotes":""},"class_list":["post-249","page","type-page","status-publish","hentry"],"_links":{"self":[{"href":"https:\/\/talendikeskus.ee\/index.php\/wp-json\/wp\/v2\/pages\/249","targetHints":{"allow":["GET"]}}],"collection":[{"href":"https:\/\/talendikeskus.ee\/index.php\/wp-json\/wp\/v2\/pages"}],"about":[{"href":"https:\/\/talendikeskus.ee\/index.php\/wp-json\/wp\/v2\/types\/page"}],"author":[{"embeddable":true,"href":"https:\/\/talendikeskus.ee\/index.php\/wp-json\/wp\/v2\/users\/1"}],"replies":[{"embeddable":true,"href":"https:\/\/talendikeskus.ee\/index.php\/wp-json\/wp\/v2\/comments?post=249"}],"version-history":[{"count":23,"href":"https:\/\/talendikeskus.ee\/index.php\/wp-json\/wp\/v2\/pages\/249\/revisions"}],"predecessor-version":[{"id":1503,"href":"https:\/\/talendikeskus.ee\/index.php\/wp-json\/wp\/v2\/pages\/249\/revisions\/1503"}],"wp:attachment":[{"href":"https:\/\/talendikeskus.ee\/index.php\/wp-json\/wp\/v2\/media?parent=249"}],"curies":[{"name":"wp","href":"https:\/\/api.w.org\/{rel}","templated":true}]}}