{"id":310,"date":"2019-06-14T16:02:44","date_gmt":"2019-06-14T13:02:44","guid":{"rendered":"http:\/\/www.talendikeskus.ee\/?page_id=310"},"modified":"2025-08-17T22:44:27","modified_gmt":"2025-08-17T19:44:27","slug":"talenditaht","status":"publish","type":"page","link":"https:\/\/talendikeskus.ee\/index.php\/talenditaht\/","title":{"rendered":"Talendit\u00e4ht"},"content":{"rendered":"<p><img loading=\"lazy\" decoding=\"async\" class=\"alignright wp-image-360\" src=\"http:\/\/www.talendikeskus.ee\/wp-content\/uploads\/2019\/06\/talenditaeht-300x300.jpg\" width=\"150\" height=\"150\" srcset=\"https:\/\/talendikeskus.ee\/wp-content\/uploads\/2019\/06\/talenditaeht-300x300.jpg 300w, https:\/\/talendikeskus.ee\/wp-content\/uploads\/2019\/06\/talenditaeht-150x150.jpg 150w, https:\/\/talendikeskus.ee\/wp-content\/uploads\/2019\/06\/talenditaeht-100x100.jpg 100w, https:\/\/talendikeskus.ee\/wp-content\/uploads\/2019\/06\/talenditaeht.jpg 321w\" sizes=\"auto, (max-width: 150px) 100vw, 150px\" \/>Igal aastal tunnustab Talendikeskus andekuse hoidjaid erilise auhinnaga &#8211; <strong>Talendit\u00e4hega<\/strong>.<\/p>\n<p>Talendit\u00e4ht on m\u00f5eldud kiituseks silmapaistva panuse, erakordse algatuse v\u00f5i tubli saavutuse eest andekuse toetamisel.<\/p>\n<p>Talendit\u00e4he tunnustustseremoonia leiab igal aastal aset Talendikeskuse suveseminaril.<\/p>\n<p><strong>Talendit\u00e4ht 2025 \u2013 Mari J\u00e4rve, Viljandi Taibukate Teaduskooli juht<\/strong><\/p>\n<p>Doktorikraadiga geneetik Mari J\u00e4rve asus Viljandi Taibukate Teaduskooli tegevust eest vedama 2021. aastal. Keerulistel koroonapandeemia ja Ukraina s\u00f5ja aastail j\u00e4tkus tal entusiasmi algatada taibukate teaduskooli kodus, Viljandi Jakobsoni Kooli juures \u00f5ppelabor eksperimentaalsete praktikumide korraldamiseks.<\/p>\n<p>T\u00e4nu T\u00dcst ja TalTechist annetustena saadud laborivarustusele ning entusiastlikele juhendajatele on alates 2023.aastast uurimislaboris saanud katseid teha \u00fcle 1500 \u00f5pilast mitte \u00fcksnes Viljandi maakonna, vaid ka teistest Eesti koolidest. V\u00e4\u00e4rt algatus, milletaoliste rajamisel igas maakonnas oleks vaja ka riigi toetust.<\/p>\n<p><img loading=\"lazy\" decoding=\"async\" class=\"alignnone size-medium wp-image-1527\" src=\"https:\/\/talendikeskus.ee\/wp-content\/uploads\/2025\/08\/Mari-ja-Sirje-laboris-204x300.jpg\" alt=\"\" width=\"204\" height=\"300\" srcset=\"https:\/\/talendikeskus.ee\/wp-content\/uploads\/2025\/08\/Mari-ja-Sirje-laboris-204x300.jpg 204w, https:\/\/talendikeskus.ee\/wp-content\/uploads\/2025\/08\/Mari-ja-Sirje-laboris-696x1024.jpg 696w, https:\/\/talendikeskus.ee\/wp-content\/uploads\/2025\/08\/Mari-ja-Sirje-laboris-768x1130.jpg 768w, https:\/\/talendikeskus.ee\/wp-content\/uploads\/2025\/08\/Mari-ja-Sirje-laboris-1044x1536.jpg 1044w, https:\/\/talendikeskus.ee\/wp-content\/uploads\/2025\/08\/Mari-ja-Sirje-laboris-1392x2048.jpg 1392w, https:\/\/talendikeskus.ee\/wp-content\/uploads\/2025\/08\/Mari-ja-Sirje-laboris-scaled.jpg 1740w\" sizes=\"auto, (max-width: 204px) 100vw, 204px\" \/><br \/>\n<em>Sirje Karis ja Mari J\u00e4rve Viljandi \u00f5ppelaboris<\/em><\/p>\n<p><strong>Talendit\u00e4ht 2024 \u2013 Kadi Kreis, Tartu Kunstikooli direktor<\/strong><\/p>\n<p>Talendikeskuse suveseminaril \u201eS\u00fcsteemsus ja kvaliteet andekate hariduses\u201c p\u00e4lvis talendikeskuse juhatuse otsusega selle austava tiitli Tartu Kunstikooli<br \/>\ndirektor Kadi Kreis. Tunnustus juhile on kiitus ka kogu kooliperele.<br \/>\nKutseharidusel on oluline roll andekuse edendamisel mitteakadeemilistes<br \/>\nvaldkondades. Sageli leiavad kutse\u00f5ppeasutustes v\u00e4ljundi ka niisugused<br \/>\n\u00f5ppijad, kellel on eriannete k\u00f5rval ka muud hariduslikud erivajadused. Kadi on<br \/>\nolnud eestvedaja nii oma kooli \u00f5petajatele vastavate teemade koolituste<br \/>\nkorraldamisel kui ka uute innovatiivsete \u00f5ppekavade loomisel.<\/p>\n<p>Tartu Kunstikool reageeris v\u00e4ga kiiresti spetsiaalsete \u00f5ppegruppide loomisega Ukraina andekate noorte arenguvajadustele. Kadi on Eesti Kutse\u00f5ppe Edendamise \u00dchingu juhatuse liikmena seisnud selle eest, et ka kutsehariduses kehtiks MT\u00dc Eesti Talendikeskuse alusp\u00f5him\u00f5te: iga anne loeb!<\/p>\n<p><img loading=\"lazy\" decoding=\"async\" class=\"alignnone size-medium wp-image-1526\" src=\"https:\/\/talendikeskus.ee\/wp-content\/uploads\/2025\/08\/Kadi-Kreis_Talenditaht2024-208x300.jpg\" alt=\"\" width=\"208\" height=\"300\" srcset=\"https:\/\/talendikeskus.ee\/wp-content\/uploads\/2025\/08\/Kadi-Kreis_Talenditaht2024-208x300.jpg 208w, https:\/\/talendikeskus.ee\/wp-content\/uploads\/2025\/08\/Kadi-Kreis_Talenditaht2024-711x1024.jpg 711w, https:\/\/talendikeskus.ee\/wp-content\/uploads\/2025\/08\/Kadi-Kreis_Talenditaht2024-768x1106.jpg 768w, https:\/\/talendikeskus.ee\/wp-content\/uploads\/2025\/08\/Kadi-Kreis_Talenditaht2024-1067x1536.jpg 1067w, https:\/\/talendikeskus.ee\/wp-content\/uploads\/2025\/08\/Kadi-Kreis_Talenditaht2024-1423x2048.jpg 1423w, https:\/\/talendikeskus.ee\/wp-content\/uploads\/2025\/08\/Kadi-Kreis_Talenditaht2024-scaled.jpg 1778w\" sizes=\"auto, (max-width: 208px) 100vw, 208px\" \/><br \/>\n<em>Kadi Kreis<\/em><\/p>\n<p><strong>Talendit\u00e4ht 2023 \u2013 Solaride ja Solaride Akadeemia<\/strong><\/p>\n<p>Solaride s\u00fcndis 2020. aastal kahe Tartu \u00dclikooli tudengi initsiatiivist ehitada valmis Baltikumi esimene p\u00e4ikeseauto. T\u00e4naseks on sellest v\u00e4lja kasvanud interdistsiplinaarne haridus- ja koost\u00f6\u00f6projekt, mille p\u00f5hifookuseks on tulevikutalentide arendamine ning tehnoloogiahariduse populariseerimine.<\/p>\n<p>Solaride Akadeemia on laiap\u00f5hjaline koolitus- ja mentorprogramm, mille raames jagavad oma kogemusi, oskusi ja teadmisi praktikutest tipptegijad ning -koolitajad.<\/p>\n<p>Talendikeskuse tunnustuse p\u00e4lvis selleaastane talendit\u00e4ht formaalse ja mitteformaalse \u00f5ppevormi l\u00f5imingu silmapaistva ja innovatiivse praktika ning j\u00e4relkasvu kaasamise eest.<\/p>\n<p>Ise tutvustavad nad end nii: &#8220;Solaride on kogukond inimestest, kellel ei ole suva!&#8221;<\/p>\n<p><img loading=\"lazy\" decoding=\"async\" class=\"alignnone wp-image-1230\" src=\"https:\/\/talendikeskus.ee\/wp-content\/uploads\/2023\/08\/SolarideII-123-1.jpg\" alt=\"\" width=\"310\" height=\"207\" \/><\/p>\n<p>&nbsp;<\/p>\n<p><strong>Talendit\u00e4ht 2022 \u2013 Eda Heinla<\/strong>,\u00a0Tallinna \u00dclikooli emeriitdotsent<img loading=\"lazy\" decoding=\"async\" class=\"wp-image-1150 alignright\" src=\"https:\/\/talendikeskus.ee\/wp-content\/uploads\/2022\/08\/SUL8079.1-Eda-Heinla-talendita\u0308hega.jpg\" alt=\"\" width=\"138\" height=\"207\" \/><\/p>\n<p>Eda on loovuse uurimise ja \u00f5petamise teerajaja Eesti haridusmaastikul.\u00a0 Ta on s\u00e4rav eeskuju nii innustaja, mentori kui ka loojana. Eda on raamatu &#8220;Lapse loovuse hoidmine ja arendamine&#8221; (Atlex, 2020) koostaja ja mitme peat\u00fcki autor.<\/p>\n<p>&nbsp;<\/p>\n<p style=\"text-align: right;\"><em>\u00a0 \u00a0 \u00a0 \u00a0 \u00a0 \u00a0 \u00a0 \u00a0 \u00a0 \u00a0 \u00a0 \u00a0 \u00a0 \u00a0 \u00a0 \u00a0 \u00a0 \u00a0 \u00a0 \u00a0 \u00a0 Eda Heinla\u00a0<\/em><\/p>\n<p><strong>Talendit\u00e4ht 2021 \u2013 Liina Lokko<\/strong><\/p>\n<figure id=\"attachment_925\" aria-describedby=\"caption-attachment-925\" style=\"width: 300px\" class=\"wp-caption alignright\"><img loading=\"lazy\" decoding=\"async\" class=\"wp-image-925 size-medium\" src=\"http:\/\/www.talendikeskus.ee\/wp-content\/uploads\/2021\/09\/Talendita\u0308ht-2021-300x227.png\" alt=\"Liina Lokko\" width=\"300\" height=\"227\" srcset=\"https:\/\/talendikeskus.ee\/wp-content\/uploads\/2021\/09\/Talendita\u0308ht-2021-300x227.png 300w, https:\/\/talendikeskus.ee\/wp-content\/uploads\/2021\/09\/Talendita\u0308ht-2021.png 537w\" sizes=\"auto, (max-width: 300px) 100vw, 300px\" \/><figcaption id=\"caption-attachment-925\" class=\"wp-caption-text\">Liina Lokko<\/figcaption><\/figure>\n<p>Sel aastal tunnustame sihikindla ja hingestatud tegevuse eest andekuse hoidmisel.<\/p>\n<p>Liina on asutanud mitu erivajadustega lastele tugiteenust osutavat edukat ettev\u00f5tet ning andnud suure panuse tugiv\u00f5rgustiku toimimisele nii lapsevanema kui ka n\u00f5ustajana ja selge s\u00f5numiga emotsionaalse esinejana.<\/p>\n<p>Praeguseks on pofessionaalne teekond viinud Liina sotsiaalministeeriumisse,\u00a0 kus ta erivajadustega laste poliitika juhina seisab hea selle eest, et lapsed \u2013 ja\u00a0 varjatud andega lapsed teiste seas \u2013, saaksid tulevikus kiiremat ja terviklikumat abi.<\/p>\n<p>&nbsp;<\/p>\n<p>&nbsp;<\/p>\n<p><strong>Talendit\u00e4ht 2020 \u2013 Virve Laube !<\/strong><\/p>\n<figure id=\"attachment_767\" aria-describedby=\"caption-attachment-767\" style=\"width: 200px\" class=\"wp-caption alignright\"><img loading=\"lazy\" decoding=\"async\" class=\"wp-image-767 size-medium\" src=\"http:\/\/www.talendikeskus.ee\/wp-content\/uploads\/2020\/09\/virve_laube-200x300.jpg\" alt=\"Virve Laube\" width=\"200\" height=\"300\" srcset=\"https:\/\/talendikeskus.ee\/wp-content\/uploads\/2020\/09\/virve_laube-200x300.jpg 200w, https:\/\/talendikeskus.ee\/wp-content\/uploads\/2020\/09\/virve_laube.jpg 533w\" sizes=\"auto, (max-width: 200px) 100vw, 200px\" \/><figcaption id=\"caption-attachment-767\" class=\"wp-caption-text\">Virve Laube<\/figcaption><\/figure>\n<p><strong> \u00a0<\/strong><br \/>\nMT\u00dc Eesti talendikeskuse andekuse hoidja auhind\u00a0l\u00e4ks sellel aastal\u00a0P\u00e4rnumaale. Tunnustasime Virvet pikaajalise\u00a0m\u00e4rkimisv\u00e4\u00e4rse tegevuse eest P\u00e4rnumaa andekate noorte ja nende juhendajate toetamisel.<\/p>\n<p>Virve Laube on P\u00e4rnu linna \u00fcldhariduse peaspetsialistina edukalt kaasanud andekusalastesse projektidesse erinevaid partnereid ja olnud integratsiooni eestvedaja.<\/p>\n<p>Ta on uute ideede algataja, heade inimeste ja m\u00f5tete m\u00e4rkaja.<\/p>\n<p>&nbsp;<\/p>\n<p>&nbsp;<\/p>\n<p><strong>Talendit\u00e4ht 2019 \u2013 Eesti Teadusagentuuri teaduse populariseerimise osakond<\/strong><\/p>\n<figure id=\"attachment_766\" aria-describedby=\"caption-attachment-766\" style=\"width: 200px\" class=\"wp-caption alignright\"><img loading=\"lazy\" decoding=\"async\" class=\"wp-image-766 size-medium\" src=\"http:\/\/www.talendikeskus.ee\/wp-content\/uploads\/2020\/09\/margit_lehis-200x300.jpg\" alt=\" Margit Lehis\" width=\"200\" height=\"300\" srcset=\"https:\/\/talendikeskus.ee\/wp-content\/uploads\/2020\/09\/margit_lehis-200x300.jpg 200w, https:\/\/talendikeskus.ee\/wp-content\/uploads\/2020\/09\/margit_lehis.jpg 533w\" sizes=\"auto, (max-width: 200px) 100vw, 200px\" \/><figcaption id=\"caption-attachment-766\" class=\"wp-caption-text\">Margit Lehis<\/figcaption><\/figure>\n<p>&nbsp;<\/p>\n<p>Tiimit\u00f6\u00f6na on nad j\u00e4rjepidevalt ellu viinud projekte ja korraldanud konkursse, mis on aidanud m\u00e4rgata ja toetada laste andeid.<\/p>\n<p>Talendit\u00e4he v\u00f5ttis vastu ETAgi vanemkoordinaator Margit Lehis (pildil).<\/p>\n<p>Kui Sa tead kedagi, kellele v\u00f5iks Talendit\u00e4he anda j\u00e4rgmisel aastal, kirjuta meile E-mail\u00a0<a href=\"mailto:talendikeskus@gmail.com\">talendikeskus@gmail.com<br \/>\n<\/a><\/p>\n<p>&nbsp;<\/p>\n<p>&nbsp;<\/p>\n<p>&nbsp;<\/p>\n<p><strong>Talendit\u00e4ht 2018 \u2013 Lilian Tambek<\/strong> Viljandi Taibukate Teaduskoolist pikaajalise hingestatud ja tulemusliku tegevuse eest andekate noorte arengu heaks.<\/p>\n<p>Karin K\u00fctt \u2013 panuse eest Talendikeskuse k\u00e4imal\u00fckkamisse ja raha-asjade hoidmisse \u00fchingu esimestel tegevusaastatel<\/p>\n<p>Eve Sooneste \u2013 Eesti Talendikeskust tutvustava artikli kirjutamise eest <a href=\"https:\/\/et.wikipedia.org\/wiki\/Eesti_Talendikeskus\" target=\"_blank\" rel=\"noopener noreferrer\">Vikipeedias<\/a>\u00a0ja seda t\u00e4iesti omal algatusel !<\/p>\n","protected":false},"excerpt":{"rendered":"<p>Igal aastal tunnustab Talendikeskus andekuse hoidjaid erilise auhinnaga &#8211; Talendit\u00e4hega. Talendit\u00e4ht on m\u00f5eldud kiituseks silmapaistva panuse, erakordse algatuse v\u00f5i tubli saavutuse eest andekuse toetamisel. Talendit\u00e4he tunnustustseremoonia leiab igal aastal aset Talendikeskuse suveseminaril. Talendit\u00e4ht 2025 \u2013 Mari J\u00e4rve, Viljandi Taibukate Teaduskooli juht Doktorikraadiga geneetik Mari J\u00e4rve asus Viljandi Taibukate Teaduskooli tegevust eest vedama 2021. aastal. Keerulistel &hellip; <\/p>\n<p class=\"link-more\"><a href=\"https:\/\/talendikeskus.ee\/index.php\/talenditaht\/\" class=\"more-link\">Continue reading<span class=\"screen-reader-text\"> &#8220;Talendit\u00e4ht&#8221;<\/span><\/a><\/p>\n","protected":false},"author":1,"featured_media":0,"parent":0,"menu_order":0,"comment_status":"closed","ping_status":"closed","template":"","meta":{"footnotes":""},"class_list":["post-310","page","type-page","status-publish","hentry"],"_links":{"self":[{"href":"https:\/\/talendikeskus.ee\/index.php\/wp-json\/wp\/v2\/pages\/310","targetHints":{"allow":["GET"]}}],"collection":[{"href":"https:\/\/talendikeskus.ee\/index.php\/wp-json\/wp\/v2\/pages"}],"about":[{"href":"https:\/\/talendikeskus.ee\/index.php\/wp-json\/wp\/v2\/types\/page"}],"author":[{"embeddable":true,"href":"https:\/\/talendikeskus.ee\/index.php\/wp-json\/wp\/v2\/users\/1"}],"replies":[{"embeddable":true,"href":"https:\/\/talendikeskus.ee\/index.php\/wp-json\/wp\/v2\/comments?post=310"}],"version-history":[{"count":59,"href":"https:\/\/talendikeskus.ee\/index.php\/wp-json\/wp\/v2\/pages\/310\/revisions"}],"predecessor-version":[{"id":1531,"href":"https:\/\/talendikeskus.ee\/index.php\/wp-json\/wp\/v2\/pages\/310\/revisions\/1531"}],"wp:attachment":[{"href":"https:\/\/talendikeskus.ee\/index.php\/wp-json\/wp\/v2\/media?parent=310"}],"curies":[{"name":"wp","href":"https:\/\/api.w.org\/{rel}","templated":true}]}}