{"id":581,"date":"2019-08-19T12:00:43","date_gmt":"2019-08-19T09:00:43","guid":{"rendered":"http:\/\/www.talendikeskus.ee\/?page_id=581"},"modified":"2021-07-05T11:52:31","modified_gmt":"2021-07-05T08:52:31","slug":"tegevussoovitus","status":"publish","type":"page","link":"https:\/\/talendikeskus.ee\/index.php\/tegevussoovitus\/","title":{"rendered":"Tegevussoovitus"},"content":{"rendered":"<p>Lapsevanemate soovitused:<\/p>\n<p><a href=\"http:\/\/www.teaduslaager.ee\" target=\"_blank\" rel=\"noopener noreferrer\">T\u00dc Teaduslaager<\/a> 5.-9.klassi \u00f5pilastele \u2013 iga\u00fchest v\u00f5ib saada teaduses tegija !<\/p>\n<p><a href=\"https:\/\/teadushuvi.ee\/suvekoolid-2021\/\">Suvekoolid 2021<\/a><\/p>\n<p>H\u00fcppelaud 14.-19.aastastele \u2013 n\u00e4dalaga ideest valmis tooteni !<\/p>\n<p>Teadus\u00fclesanded lasteaialastele ja n\u00f5ustamine vanematele \u2013 kutsu Talendikeskuse projekt <a href=\"http:\/\/www.talendikeskus.ee\/index.php\/projektid\/\" target=\"_blank\" rel=\"noopener noreferrer\">&#8220;Talendip\u00e4ev&#8221;<\/a> lasteada k\u00fclla !<\/p>\n<p>&nbsp;<\/p>\n","protected":false},"excerpt":{"rendered":"<p>Lapsevanemate soovitused: T\u00dc Teaduslaager 5.-9.klassi \u00f5pilastele \u2013 iga\u00fchest v\u00f5ib saada teaduses tegija ! Suvekoolid 2021 H\u00fcppelaud 14.-19.aastastele \u2013 n\u00e4dalaga ideest valmis tooteni ! Teadus\u00fclesanded lasteaialastele ja n\u00f5ustamine vanematele \u2013 kutsu Talendikeskuse projekt &#8220;Talendip\u00e4ev&#8221; lasteada k\u00fclla ! &nbsp;<\/p>\n","protected":false},"author":1,"featured_media":0,"parent":0,"menu_order":0,"comment_status":"closed","ping_status":"closed","template":"","meta":{"footnotes":""},"class_list":["post-581","page","type-page","status-publish","hentry"],"_links":{"self":[{"href":"https:\/\/talendikeskus.ee\/index.php\/wp-json\/wp\/v2\/pages\/581","targetHints":{"allow":["GET"]}}],"collection":[{"href":"https:\/\/talendikeskus.ee\/index.php\/wp-json\/wp\/v2\/pages"}],"about":[{"href":"https:\/\/talendikeskus.ee\/index.php\/wp-json\/wp\/v2\/types\/page"}],"author":[{"embeddable":true,"href":"https:\/\/talendikeskus.ee\/index.php\/wp-json\/wp\/v2\/users\/1"}],"replies":[{"embeddable":true,"href":"https:\/\/talendikeskus.ee\/index.php\/wp-json\/wp\/v2\/comments?post=581"}],"version-history":[{"count":10,"href":"https:\/\/talendikeskus.ee\/index.php\/wp-json\/wp\/v2\/pages\/581\/revisions"}],"predecessor-version":[{"id":906,"href":"https:\/\/talendikeskus.ee\/index.php\/wp-json\/wp\/v2\/pages\/581\/revisions\/906"}],"wp:attachment":[{"href":"https:\/\/talendikeskus.ee\/index.php\/wp-json\/wp\/v2\/media?parent=581"}],"curies":[{"name":"wp","href":"https:\/\/api.w.org\/{rel}","templated":true}]}}